{"id":612,"date":"2021-03-26T10:04:13","date_gmt":"2021-03-26T10:04:13","guid":{"rendered":"http:\/\/localhost\/nuss\/?page_id=612"},"modified":"2025-10-02T05:09:39","modified_gmt":"2025-10-02T05:09:39","slug":"ristorante","status":"publish","type":"page","link":"https:\/\/atourhotelnanjingeastroad.com\/it\/restaurant\/","title":{"rendered":"Ristorante"},"content":{"rendered":"<div data-elementor-type=\"wp-page\" data-elementor-id=\"612\" class=\"elementor elementor-612\">\n\t\t\t\t\t\t<section class=\"elementor-section elementor-top-section elementor-element elementor-element-e2effe8 elementor-section-boxed elementor-section-gap-beside-yes elementor-section-height-default elementor-section-height-default elementor-section-column-vertical-align-stretch\" data-id=\"e2effe8\" data-element_type=\"section\" data-e-type=\"section\">\n\t\t\t\t\t\t<div class=\"elementor-container elementor-column-gap-extended\">\n\t\t\t\t\t<div class=\"elementor-column elementor-col-100 elementor-top-column elementor-element elementor-element-e18f688\" data-id=\"e18f688\" data-element_type=\"column\" data-e-type=\"column\">\n\t\t\t<div class=\"elementor-widget-wrap elementor-element-populated\">\n\t\t\t\t\t\t<div class=\"elementor-element elementor-element-6db146d elementor-widget__width-initial elementor-invisible elementor-widget elementor-widget-text-editor\" data-id=\"6db146d\" data-element_type=\"widget\" data-e-type=\"widget\" data-settings=\"{&quot;_animation&quot;:&quot;nussFadeInUp&quot;}\" data-widget_type=\"text-editor.default\">\n\t\t\t\t\t\t\t\t\t<div class=\"svelte-1c06zsf\" data-lang-code=\"\"><p data-spm-anchor-id=\"a2ty_o01.29997173.0.i56.ead2c921ZzvKd1\">Il sapore di Shanghai, rivisitato: il ristorante di Atour, adiacente al Bund<\/p><\/div>\t\t\t\t\t\t\t\t<\/div>\n\t\t\t\t\t<\/div>\n\t\t<\/div>\n\t\t\t\t\t<\/div>\n\t\t<\/section>\n\t\t<div class=\"elementor-element elementor-element-764955e e-flex e-con-boxed e-con e-parent\" data-id=\"764955e\" data-element_type=\"container\" data-e-type=\"container\">\n\t\t\t\t\t<div class=\"e-con-inner\">\n\t\t<div class=\"elementor-element elementor-element-3a71d84 e-con-full e-flex e-con e-child\" data-id=\"3a71d84\" data-element_type=\"container\" data-e-type=\"container\">\n\t\t\t\t<div class=\"elementor-element elementor-element-81a00fb elementor-widget elementor-widget-text-editor\" data-id=\"81a00fb\" data-element_type=\"widget\" data-e-type=\"widget\" data-widget_type=\"text-editor.default\">\n\t\t\t\t\t\t\t\t\t<p>Immerso nel cuore culturale e commerciale di Shanghai, il ristorante <strong>Atour Hotel Nanjing East Road, Shanghai sul Bund<\/strong> offre pi\u00f9 di un semplice pasto: offre un viaggio culinario attentamente curato che celebra il ricco patrimonio gastronomico della citt\u00e0 attraverso una lente contemporanea. Situato a pochi passi dall&#039;iconico Bund e dalla vivace energia di Nanjing Road East, <strong>No.105-1 Fuzhou Road, distretto di Huangpu, Shanghai 200002<\/strong>, il nostro spazio ristoro in loco \u00e8 un gioiello nascosto dove i sapori locali incontrano l&#039;eleganza moderna, rendendolo una tappa obbligata sia per gli ospiti dell&#039;hotel che per gli amanti del cibo pi\u00f9 esigenti che esplorano il centro di Shanghai.<\/p>\t\t\t\t\t\t\t\t<\/div>\n\t\t\t\t<\/div>\n\t\t<div class=\"elementor-element elementor-element-bb76a06 e-con-full e-flex e-con e-child\" data-id=\"bb76a06\" data-element_type=\"container\" data-e-type=\"container\">\n\t\t\t\t<div class=\"elementor-element elementor-element-636ac5f elementor-widget elementor-widget-image\" data-id=\"636ac5f\" data-element_type=\"widget\" data-e-type=\"widget\" data-widget_type=\"image.default\">\n\t\t\t\t\t\t\t\t\t\t\t\t\t\t\t<img decoding=\"async\" src=\"https:\/\/chimelonghengqinbay.com\/wp-content\/uploads\/2025\/09\/ChimelongHengqinBayHotel-110.webp\" title=\"\" alt=\"\" loading=\"lazy\" \/>\t\t\t\t\t\t\t\t\t\t\t\t\t\t\t<\/div>\n\t\t\t\t<\/div>\n\t\t\t\t\t<\/div>\n\t\t\t\t<\/div>\n\t\t<div class=\"elementor-element elementor-element-e5626a7 e-flex e-con-boxed e-con e-parent\" data-id=\"e5626a7\" data-element_type=\"container\" data-e-type=\"container\">\n\t\t\t\t\t<div class=\"e-con-inner\">\n\t\t\t\t<div class=\"elementor-element elementor-element-4ac24e6 elementor-widget elementor-widget-nuss-image-gallery\" data-id=\"4ac24e6\" data-element_type=\"widget\" data-e-type=\"widget\" data-widget_type=\"nuss-image-gallery.default\">\n\t\t\t\t<div class=\"elementor-widget-container\">\n\t\t\t\t\t\t\t<div class=\"nuss-grid-wrapper\" data-grid=\"{&quot;type&quot;:&quot;grid&quot;,&quot;ratio&quot;:null,&quot;columns&quot;:3,&quot;gutter&quot;:30}\">\r\n\t\t\t<div class=\"nuss-grid lazy-grid\">\r\n\t\t\t\t<div class=\"grid-sizer\"><\/div>\r\n\r\n\t\t\t\t\t\t\t\t\t\t\t\t<div class=\"grid-item\">\r\n\t\t\t\t\t\t<div class=\"nuss-box\">\t\t<div class=\"nuss-image image\">\r\n\t\t\t<img decoding=\"async\"  src=\"https:\/\/atourhotelnanjingeastroad.com\/wp-content\/uploads\/2025\/10\/Atour-Hotel-Nanjing-East-Road-8.webp\" alt=\"Atour Hotel Nanjing East Road (8)\" \/>\t\t<\/div>\r\n\t\t\t\t<\/div>\t\t\t\t\t<\/div>\r\n\t\t\t\t\t\t<div class=\"grid-item\">\r\n\t\t\t\t\t\t<div class=\"nuss-box\">\t\t<div class=\"nuss-image image\">\r\n\t\t\t<img decoding=\"async\"  src=\"https:\/\/atourhotelnanjingeastroad.com\/wp-content\/uploads\/2025\/10\/Atour-Hotel-Nanjing-East-Road-12.webp\" alt=\"Atour Hotel Nanjing East Road (12)\" \/>\t\t<\/div>\r\n\t\t\t\t<\/div>\t\t\t\t\t<\/div>\r\n\t\t\t\t\t\t<div class=\"grid-item\">\r\n\t\t\t\t\t\t<div class=\"nuss-box\">\t\t<div class=\"nuss-image image\">\r\n\t\t\t<img decoding=\"async\"  src=\"https:\/\/atourhotelnanjingeastroad.com\/wp-content\/uploads\/2025\/10\/Atour-Hotel-Nanjing-East-Road-24.webp\" alt=\"Atour Hotel Nanjing East Road (24)\" \/>\t\t<\/div>\r\n\t\t\t\t<\/div>\t\t\t\t\t<\/div>\r\n\t\t\t\t\t\t<div class=\"grid-item\">\r\n\t\t\t\t\t\t<div class=\"nuss-box\">\t\t<div class=\"nuss-image image\">\r\n\t\t\t<img decoding=\"async\"  src=\"https:\/\/atourhotelnanjingeastroad.com\/wp-content\/uploads\/2025\/10\/Atour-Hotel-Nanjing-East-Road-28.webp\" alt=\"Atour Hotel Nanjing East Road (28)\" \/>\t\t<\/div>\r\n\t\t\t\t<\/div>\t\t\t\t\t<\/div>\r\n\t\t\t\t\t\t<div class=\"grid-item\">\r\n\t\t\t\t\t\t<div class=\"nuss-box\">\t\t<div class=\"nuss-image image\">\r\n\t\t\t<img decoding=\"async\"  src=\"https:\/\/atourhotelnanjingeastroad.com\/wp-content\/uploads\/2025\/10\/Atour-Hotel-Nanjing-East-Road-49.webp\" alt=\"Atour Hotel Nanjing East Road (49)\" \/>\t\t<\/div>\r\n\t\t\t\t<\/div>\t\t\t\t\t<\/div>\r\n\t\t\t\t\t\t<div class=\"grid-item\">\r\n\t\t\t\t\t\t<div class=\"nuss-box\">\t\t<div class=\"nuss-image image\">\r\n\t\t\t<img decoding=\"async\"  src=\"https:\/\/atourhotelnanjingeastroad.com\/wp-content\/uploads\/2025\/10\/Atour-Hotel-Nanjing-East-Road-33.webp\" alt=\"Atour Hotel Nanjing East Road (33)\" \/>\t\t<\/div>\r\n\t\t\t\t<\/div>\t\t\t\t\t<\/div>\r\n\t\t\t\t\t\t<div class=\"grid-item\">\r\n\t\t\t\t\t\t<div class=\"nuss-box\">\t\t<div class=\"nuss-image image\">\r\n\t\t\t<img decoding=\"async\"  src=\"https:\/\/atourhotelnanjingeastroad.com\/wp-content\/uploads\/2025\/10\/Atour-Hotel-Nanjing-East-Road-38.webp\" alt=\"Atour Hotel Nanjing East Road (38)\" \/>\t\t<\/div>\r\n\t\t\t\t<\/div>\t\t\t\t\t<\/div>\r\n\t\t\t\t\t\t<div class=\"grid-item\">\r\n\t\t\t\t\t\t<div class=\"nuss-box\">\t\t<div class=\"nuss-image image\">\r\n\t\t\t<img decoding=\"async\"  src=\"https:\/\/atourhotelnanjingeastroad.com\/wp-content\/uploads\/2025\/10\/Atour-Hotel-Nanjing-East-Road-46.webp\" alt=\"Atour Hotel Nanjing East Road (46)\" \/>\t\t<\/div>\r\n\t\t\t\t<\/div>\t\t\t\t\t<\/div>\r\n\t\t\t\t\t\t<div class=\"grid-item\">\r\n\t\t\t\t\t\t<div class=\"nuss-box\">\t\t<div class=\"nuss-image image\">\r\n\t\t\t<img decoding=\"async\"  src=\"https:\/\/atourhotelnanjingeastroad.com\/wp-content\/uploads\/2025\/10\/Atour-Hotel-Nanjing-East-Road-17.webp\" alt=\"Atour Hotel Nanjing East Road (17)\" \/>\t\t<\/div>\r\n\t\t\t\t<\/div>\t\t\t\t\t<\/div>\r\n\t\t\t\t\t\t\t\r\n\t\t\t<\/div>\r\n\t\t<\/div>\r\n\t\t\t\t\t\t<\/div>\n\t\t\t\t<\/div>\n\t\t\t\t\t<\/div>\n\t\t\t\t<\/div>\n\t\t<div class=\"elementor-element elementor-element-d05381b e-flex e-con-boxed e-con e-parent\" data-id=\"d05381b\" data-element_type=\"container\" data-e-type=\"container\">\n\t\t\t\t\t<div class=\"e-con-inner\">\n\t\t\t\t<div class=\"elementor-element elementor-element-53bd849 elementor-widget elementor-widget-text-editor\" data-id=\"53bd849\" data-element_type=\"widget\" data-e-type=\"widget\" data-widget_type=\"text-editor.default\">\n\t\t\t\t\t\t\t\t\t<p data-spm-anchor-id=\"a2ty_o01.29997173.0.i58.ead2c921ZzvKd1\">Progettato come estensione della filosofia di &quot;calore intelligente&quot; di Atour, il ristorante fonde l&#039;estetica minimalista di Shanghai con una raffinatezza funzionale: caldi accenti in legno, luci soffuse e finestre a tutta altezza che incorniciano scorci del fascino della vecchia Shanghai. Che si inizi la giornata con una colazione tranquilla prima di una passeggiata all&#039;alba sul Bund, si gusti un pranzo di lavoro tra una riunione e l&#039;altra o si rilassi con una cena dopo una giornata di shopping su Nanjing Road, il nostro team culinario elabora ogni piatto con ingredienti stagionali e di provenienza locale, nel rispetto dell&#039;autenticit\u00e0 regionale.<\/p><div class=\"my-2\">\u00a0<\/div><p>Il men\u00f9 \u00e8 una lettera d&#039;amore all&#039;identit\u00e0 culinaria di Shanghai. Gli ospiti possono assaporare <strong>xiaolongbao fatto a mano<\/strong> con bucce perfettamente traslucide e brodo ricco e saporito, <strong>pancetta di maiale brasata (hongshao rou)<\/strong> cotto lentamente fino a raggiungere una tenerezza tale da sciogliersi in bocca, e <strong>pollo ubriaco<\/strong> infuso con vino Shaoxing, una classica prelibatezza di Shanghai. Per chi cerca un comfort globale, piatti internazionali rivisitati con cura, come la pasta al tartufo o il salmone in crosta di erbe aromatiche, vengono preparati con la stessa precisione e cura. La colazione offre opzioni sia cinesi che occidentali, tra cui congee con uovo centenario, frittelle di cipollotto, pasticcini artigianali e caff\u00e8 tostato localmente.<\/p><div class=\"my-2\">\u00a0<\/div><p>Ci\u00f2 che distingue davvero il nostro ristorante \u00e8 la sua perfetta integrazione con il ritmo del viaggiatore urbano. Aperto per colazione, pranzo e cena, offre <strong>pasti veloci express per ospiti d&#039;affari<\/strong>, <strong>serata romantica con vista sulla citt\u00e0<\/strong>, E <strong>angoli pranzo privati per riunioni intime<\/strong>Il tutto supportato da un servizio intuitivo e da una selezione accurata di t\u00e8, bevande artigianali e vini regionali. La connessione Wi-Fi ad alta velocit\u00e0 e gli angoli tranquilli lo rendono il luogo ideale per il lavoro da remoto o per riunioni informali.<\/p><div class=\"my-2\">\u00a0<\/div><p>Situato in posizione strategica vicino alla stazione della metropolitana di East Nanjing Road (linee 2 e 10), il ristorante \u00e8 facilmente accessibile sia agli ospiti dell&#039;hotel che ai visitatori che esplorano il Bund, Piazza del Popolo o la storica &quot;Via della Cultura&quot; di Fuzhou Road. Grazie alla sua posizione privilegiata, alla cucina autentica ma innovativa e all&#039;atmosfera serena, il ristorante dell&#039;Atour Hotel \u00e8 rapidamente diventato uno dei preferiti dai viaggiatori in cerca di <strong>autentici sapori di Shanghai senza la folla di turisti<\/strong>\u2014proprio nel cuore dell&#039;azione.<\/p><div class=\"my-2\">\u00a0<\/div><p>Che abbiate voglia di una confortante ciotola di zuppa di noodle dopo una passeggiata notturna lungo il fiume Huangpu o di brindare a un viaggio di successo con un bicchiere di birra artigianale locale, il nostro ristorante vi invita ad assaporare Shanghai, non come la si ricorda, ma come la si vive oggi.<\/p><div class=\"my-2\">\u00a0<\/div><p data-spm-anchor-id=\"a2ty_o01.29997173.0.i60.ead2c921ZzvKd1\"><strong>Cena dove la tradizione incontra il futuro: solo all&#039;Atour Hotel Nanjing East Road, Shanghai sul Bund.<\/strong><\/p>\t\t\t\t\t\t\t\t<\/div>\n\t\t\t\t\t<\/div>\n\t\t\t\t<\/div>\n\t\t\t\t<section class=\"elementor-section elementor-top-section elementor-element elementor-element-689ddf86 elementor-section-stretched elementor-section-boxed elementor-section-gap-beside-yes elementor-section-height-default elementor-section-height-default elementor-section-column-vertical-align-stretch\" data-id=\"689ddf86\" data-element_type=\"section\" data-e-type=\"section\" data-settings=\"{&quot;background_background&quot;:&quot;classic&quot;,&quot;stretch_section&quot;:&quot;section-stretched&quot;}\">\n\t\t\t\t\t\t<div class=\"elementor-container elementor-column-gap-extended\">\n\t\t\t\t\t<div class=\"elementor-column elementor-col-100 elementor-top-column elementor-element elementor-element-234b8474\" data-id=\"234b8474\" data-element_type=\"column\" data-e-type=\"column\">\n\t\t\t<div class=\"elementor-widget-wrap elementor-element-populated\">\n\t\t\t\t\t\t<div class=\"elementor-element elementor-element-171754f7 elementor-widget elementor-widget-nuss-heading\" data-id=\"171754f7\" data-element_type=\"widget\" data-e-type=\"widget\" data-widget_type=\"nuss-heading.default\">\n\t\t\t\t<div class=\"elementor-widget-container\">\n\t\t\t\t\t\t\t<div class=\"nuss-modern-heading\">\r\n\t\t\t\t\t\t<div class=\"heading-secondary-wrap\">\r\n\t\t\t\t<h3 class=\"heading-secondary elementor-heading-title\">Controlla disponibile <\/h3>\t\t\t<\/div>\r\n\t\t\r\n\t\t\t\r\n\t\t\t\r\n\t\t\t\t\t<\/div>\r\n\t\t\t\t\t<\/div>\n\t\t\t\t<\/div>\n\t\t\t\t<div class=\"elementor-element elementor-element-3c68956e elementor-widget elementor-widget-text-editor\" data-id=\"3c68956e\" data-element_type=\"widget\" data-e-type=\"widget\" data-widget_type=\"text-editor.default\">\n\t\t\t\t\t\t\t\t\t<iframe border=\"0\" src=\"https:\/\/www.trip.com\/partners\/ad\/S5683218?Allianceid=4590391&#038;SID=263693760&#038;trip_sub1=\" style=\"width:1200px;height:200px\" frameborder=\"0\" scrolling=\"no\" id=\"S5683218\"><\/iframe>\t\t\t\t\t\t\t\t<\/div>\n\t\t\t\t\t<\/div>\n\t\t<\/div>\n\t\t\t\t\t<\/div>\n\t\t<\/section>\n\t\t\t\t<\/div>","protected":false},"excerpt":{"rendered":"<p>Taste of Shanghai, Reimagined \u2013 Atour\u2019s Bund-Adjacent Restaurant Nestled in the cultural and commercial heart of Shanghai, the restaurant at Atour Hotel Nanjing East Road, Shanghai on the Bund offers more than just a meal\u2014it delivers a thoughtfully curated culinary journey that celebrates the city\u2019s rich gastronomic heritage through a contemporary lens. Located just steps [&hellip;]<\/p>\n","protected":false},"author":1,"featured_media":0,"parent":0,"menu_order":0,"comment_status":"closed","ping_status":"closed","template":"","meta":{"footnotes":""},"class_list":["post-612","page","type-page","status-publish","hentry","post-no-thumbnail"],"_links":{"self":[{"href":"https:\/\/atourhotelnanjingeastroad.com\/it\/wp-json\/wp\/v2\/pages\/612","targetHints":{"allow":["GET"]}}],"collection":[{"href":"https:\/\/atourhotelnanjingeastroad.com\/it\/wp-json\/wp\/v2\/pages"}],"about":[{"href":"https:\/\/atourhotelnanjingeastroad.com\/it\/wp-json\/wp\/v2\/types\/page"}],"author":[{"embeddable":true,"href":"https:\/\/atourhotelnanjingeastroad.com\/it\/wp-json\/wp\/v2\/users\/1"}],"replies":[{"embeddable":true,"href":"https:\/\/atourhotelnanjingeastroad.com\/it\/wp-json\/wp\/v2\/comments?post=612"}],"version-history":[{"count":0,"href":"https:\/\/atourhotelnanjingeastroad.com\/it\/wp-json\/wp\/v2\/pages\/612\/revisions"}],"wp:attachment":[{"href":"https:\/\/atourhotelnanjingeastroad.com\/it\/wp-json\/wp\/v2\/media?parent=612"}],"curies":[{"name":"wp","href":"https:\/\/api.w.org\/{rel}","templated":true}]}}