{"id":2104,"date":"2021-03-23T09:33:48","date_gmt":"2021-03-23T09:33:48","guid":{"rendered":"http:\/\/localhost\/nuss\/?page_id=167"},"modified":"2025-10-02T05:03:37","modified_gmt":"2025-10-02T05:03:37","slug":"la-nostra-storia","status":"publish","type":"page","link":"https:\/\/atourhotelnanjingeastroad.com\/it\/our-story\/","title":{"rendered":"La nostra storia"},"content":{"rendered":"<div data-elementor-type=\"wp-page\" data-elementor-id=\"2104\" class=\"elementor elementor-2104\">\n\t\t\t\t\t\t<section class=\"elementor-section elementor-top-section elementor-element elementor-element-8f5bb9d elementor-section-boxed elementor-section-gap-beside-yes elementor-section-height-default elementor-section-height-default elementor-section-column-vertical-align-stretch\" data-id=\"8f5bb9d\" data-element_type=\"section\" data-e-type=\"section\">\n\t\t\t\t\t\t<div class=\"elementor-container elementor-column-gap-extended\">\n\t\t\t\t\t<div class=\"elementor-column elementor-col-100 elementor-top-column elementor-element elementor-element-7ec4215\" data-id=\"7ec4215\" data-element_type=\"column\" data-e-type=\"column\">\n\t\t\t<div class=\"elementor-widget-wrap elementor-element-populated\">\n\t\t\t\t\t\t<div class=\"elementor-element elementor-element-edd9d03 elementor-widget__width-initial elementor-invisible elementor-widget elementor-widget-text-editor\" data-id=\"edd9d03\" data-element_type=\"widget\" data-e-type=\"widget\" data-settings=\"{&quot;_animation&quot;:&quot;nussFadeInUp&quot;}\" data-widget_type=\"text-editor.default\">\n\t\t\t\t\t\t\t\t\t<p>Una moderna lettera d&#039;amore al patrimonio di Shanghai<\/p>\t\t\t\t\t\t\t\t<\/div>\n\t\t\t\t\t<\/div>\n\t\t<\/div>\n\t\t\t\t\t<\/div>\n\t\t<\/section>\n\t\t<div class=\"elementor-element elementor-element-ae7e42f e-flex e-con-boxed e-con e-parent\" data-id=\"ae7e42f\" data-element_type=\"container\" data-e-type=\"container\">\n\t\t\t\t\t<div class=\"e-con-inner\">\n\t\t\t\t<div class=\"elementor-element elementor-element-136c3a3 elementor-widget elementor-widget-text-editor\" data-id=\"136c3a3\" data-element_type=\"widget\" data-e-type=\"widget\" data-widget_type=\"text-editor.default\">\n\t\t\t\t\t\t\t\t\t<p>Nel cuore di una delle metropoli pi\u00f9 vivaci del mondo, dove la grandiosit\u00e0 dell&#039;era coloniale costeggia il fiume Huangpu e i grattacieli illuminati al neon pulsano di ambizione del XXI secolo, l&#039;Atour Hotel Nanjing East Road, Shanghai on the Bund \u00e8 nato da una visione semplice ma profonda: creare un santuario che onori l&#039;anima di Shanghai abbracciando al contempo l&#039;intelligenza del viaggio moderno.<\/p><div class=\"my-2\">\u00a0<\/div><p>Il nostro viaggio non \u00e8 iniziato con progetti, ma con una profonda riverenza per il luogo. Situato a <strong>No.105-1 Fuzhou Road, distretto di Huangpu<\/strong>Il nostro hotel sorge in un luogo ricco di storia. Fuzhou Road, un tempo nota come &quot;Via della Cultura&quot; all&#039;inizio del XX secolo, ospitava editori, poeti e pensatori che hanno plasmato il pensiero cinese moderno. A pochi passi, il Bund si erge a testimonianza dell&#039;eredit\u00e0 di Shanghai come crocevia globale, dove Oriente e Occidente si sono incontrati nell&#039;architettura, nel commercio e nella cultura. Costruire qui non \u00e8 stata solo un&#039;opportunit\u00e0, ma una responsabilit\u00e0.<\/p><div class=\"my-2\">\u00a0<\/div><p>Atour, un marchio cinese pionieristico nel settore dell&#039;ospitalit\u00e0, noto per la sua filosofia di &quot;calore intelligente&quot;, ha visto in questa location l&#039;opportunit\u00e0 di ridefinire l&#039;ospitalit\u00e0 urbana. Non volevamo replicare il passato, n\u00e9 cancellarlo con una modernit\u00e0 sterile. Abbiamo invece cercato di intrecciare i due mondi, creando uno spazio in cui l&#039;eleganza della vecchia Shanghai sussurra attraverso un design minimalista, dove la tecnologia intelligente \u00e8 al servizio del comfort senza invadenza e dove ogni dettaglio riflette una profonda comprensione di ci\u00f2 che il viaggiatore di oggi apprezza veramente: autenticit\u00e0, semplicit\u00e0 e connessione.<\/p><div class=\"my-2\">\u00a0<\/div><p>La trasformazione di questo angolo storico nell&#039;Atour Hotel Nanjing East Road \u00e8 stata guidata da tre principi fondamentali: <strong>contesto, coscienza e cura<\/strong>.<\/p><div class=\"my-2\">\u00a0<\/div><ul dir=\"auto\"><li><strong>Contesto<\/strong>Ogni scelta di design, dai toni caldi del legno alle palette tenui, fino alle opere d&#039;arte locali accuratamente selezionate, rispecchia l&#039;esclusiva tradizione estetica di Shanghai. Le finestre a tutta altezza incorniciano la vista sullo skyline stratificato della citt\u00e0, invitando gli ospiti ad ammirare il dialogo tra i reperti Art D\u00e9co e le torri futuristiche di Pudong.<\/li><li><strong>Coscienza<\/strong>: Sostenibilit\u00e0 ed efficienza sono parte integrante delle nostre attivit\u00e0. Dai sistemi di smart room a risparmio energetico alla riduzione dell&#039;uso di plastica monouso e ai servizi di qualit\u00e0 locale, ci impegniamo a procedere con cautela offrendo al contempo esperienze eccezionali.<\/li><li><strong>Cura<\/strong>: Il nostro team \u00e8 formato non solo per servire, ma anche per anticipare. Che si tratti di un biglietto di benvenuto scritto a mano, di un consiglio su un negozio di ravioli nascosto in fondo al vicolo o di un&#039;assistenza impeccabile per i biglietti della metropolitana, crediamo che l&#039;ospitalit\u00e0 risieda nei dettagli.<\/li><\/ul><div class=\"my-2\">\u00a0<\/div><p>Da quando ha aperto, l&#039;Atour Hotel Nanjing East Road \u00e8 diventato pi\u00f9 di un luogo di riposo: \u00e8 un trampolino di lancio per la scoperta. I dirigenti aziendali si rilassano dopo le riunioni con la vista sullo skyline dalle loro silenziose camere. Le coppie iniziano la loro storia d&#039;amore a Shanghai con una passeggiata al tramonto lungo il Bund. I viaggiatori solitari trovano sicurezza e ispirazione nei nostri spazi progettati con cura. E nonostante tutto, rimaniamo radicati nella nostra storia: una lettera d&#039;amore a Shanghai, scritta con linee pulite, luce calda e un autentico legame umano.<\/p><div class=\"my-2\">\u00a0<\/div><p>Oggi, mentre la citt\u00e0 continua a evolversi a un ritmo mozzafiato, noi restiamo una presenza calma e ponderata nel suo ritmo, onorando il luogo in cui siamo stati, accogliendo il luogo in cui stiamo andando e accogliendovi non solo come ospiti, ma come parte della nostra narrazione in corso.<\/p><div class=\"my-2\">\u00a0<\/div><p data-spm-anchor-id=\"a2ty_o01.29997173.0.i51.ead2c921ZzvKd1\">Questo \u00e8 pi\u00f9 di un hotel.<br \/>Questo \u00e8 <strong>Un giro sul Bund<\/strong>\u2014dove lo spirito di Shanghai trova la sua dimora moderna.<\/p>\t\t\t\t\t\t\t\t<\/div>\n\t\t\t\t\t<\/div>\n\t\t\t\t<\/div>\n\t\t\t\t<section class=\"elementor-section elementor-top-section elementor-element elementor-element-2395d538 elementor-section-stretched elementor-section-boxed elementor-section-gap-beside-yes elementor-section-height-default elementor-section-height-default elementor-section-column-vertical-align-stretch\" data-id=\"2395d538\" data-element_type=\"section\" data-e-type=\"section\" data-settings=\"{&quot;background_background&quot;:&quot;classic&quot;,&quot;stretch_section&quot;:&quot;section-stretched&quot;}\">\n\t\t\t\t\t\t<div class=\"elementor-container elementor-column-gap-extended\">\n\t\t\t\t\t<div class=\"elementor-column elementor-col-100 elementor-top-column elementor-element elementor-element-1b428554\" data-id=\"1b428554\" data-element_type=\"column\" data-e-type=\"column\">\n\t\t\t<div class=\"elementor-widget-wrap elementor-element-populated\">\n\t\t\t\t\t\t<div class=\"elementor-element elementor-element-4f0df1f3 elementor-widget elementor-widget-nuss-heading\" data-id=\"4f0df1f3\" data-element_type=\"widget\" data-e-type=\"widget\" data-widget_type=\"nuss-heading.default\">\n\t\t\t\t<div class=\"elementor-widget-container\">\n\t\t\t\t\t\t\t<div class=\"nuss-modern-heading\">\r\n\t\t\t\t\t\t<div class=\"heading-secondary-wrap\">\r\n\t\t\t\t<h3 class=\"heading-secondary elementor-heading-title\">Controlla disponibile <\/h3>\t\t\t<\/div>\r\n\t\t\r\n\t\t\t\r\n\t\t\t\r\n\t\t\t\t\t<\/div>\r\n\t\t\t\t\t<\/div>\n\t\t\t\t<\/div>\n\t\t\t\t<div class=\"elementor-element elementor-element-7225468f elementor-widget elementor-widget-text-editor\" data-id=\"7225468f\" data-element_type=\"widget\" data-e-type=\"widget\" data-widget_type=\"text-editor.default\">\n\t\t\t\t\t\t\t\t\t<iframe border=\"0\" src=\"https:\/\/www.trip.com\/partners\/ad\/S5683218?Allianceid=4590391&#038;SID=263693760&#038;trip_sub1=\" style=\"width:1200px;height:200px\" frameborder=\"0\" scrolling=\"no\" id=\"S5683218\"><\/iframe>\t\t\t\t\t\t\t\t<\/div>\n\t\t\t\t\t<\/div>\n\t\t<\/div>\n\t\t\t\t\t<\/div>\n\t\t<\/section>\n\t\t\t\t<\/div>","protected":false},"excerpt":{"rendered":"<p>A modern love letter to Shanghai\u2019s heritage In the heart of one of the world\u2019s most vibrant metropolises\u2014where colonial-era grandeur lines the Huangpu River and neon-lit skyscrapers pulse with 21st-century ambition\u2014Atour Hotel Nanjing East Road, Shanghai on the Bund was born from a simple yet profound vision: to create a sanctuary that honors the soul [&hellip;]<\/p>\n","protected":false},"author":1,"featured_media":0,"parent":0,"menu_order":0,"comment_status":"closed","ping_status":"closed","template":"","meta":{"footnotes":""},"class_list":["post-2104","page","type-page","status-publish","hentry","post-no-thumbnail"],"_links":{"self":[{"href":"https:\/\/atourhotelnanjingeastroad.com\/it\/wp-json\/wp\/v2\/pages\/2104","targetHints":{"allow":["GET"]}}],"collection":[{"href":"https:\/\/atourhotelnanjingeastroad.com\/it\/wp-json\/wp\/v2\/pages"}],"about":[{"href":"https:\/\/atourhotelnanjingeastroad.com\/it\/wp-json\/wp\/v2\/types\/page"}],"author":[{"embeddable":true,"href":"https:\/\/atourhotelnanjingeastroad.com\/it\/wp-json\/wp\/v2\/users\/1"}],"replies":[{"embeddable":true,"href":"https:\/\/atourhotelnanjingeastroad.com\/it\/wp-json\/wp\/v2\/comments?post=2104"}],"version-history":[{"count":0,"href":"https:\/\/atourhotelnanjingeastroad.com\/it\/wp-json\/wp\/v2\/pages\/2104\/revisions"}],"wp:attachment":[{"href":"https:\/\/atourhotelnanjingeastroad.com\/it\/wp-json\/wp\/v2\/media?parent=2104"}],"curies":[{"name":"wp","href":"https:\/\/api.w.org\/{rel}","templated":true}]}}