{"id":647,"date":"2021-03-29T02:13:52","date_gmt":"2021-03-29T02:13:52","guid":{"rendered":"http:\/\/localhost\/nuss\/?page_id=647"},"modified":"2025-10-02T05:12:45","modified_gmt":"2025-10-02T05:12:45","slug":"services","status":"publish","type":"page","link":"https:\/\/atourhotelnanjingeastroad.com\/fr\/services\/","title":{"rendered":"Services"},"content":{"rendered":"<div data-elementor-type=\"wp-page\" data-elementor-id=\"647\" class=\"elementor elementor-647\">\n\t\t\t\t\t\t<section class=\"elementor-section elementor-top-section elementor-element elementor-element-3353bc8 elementor-section-boxed elementor-section-gap-beside-yes elementor-section-height-default elementor-section-height-default elementor-section-column-vertical-align-stretch\" data-id=\"3353bc8\" data-element_type=\"section\" data-e-type=\"section\">\n\t\t\t\t\t\t<div class=\"elementor-container elementor-column-gap-extended\">\n\t\t\t\t\t<div class=\"elementor-column elementor-col-100 elementor-top-column elementor-element elementor-element-0a2bc64\" data-id=\"0a2bc64\" data-element_type=\"column\" data-e-type=\"column\">\n\t\t\t<div class=\"elementor-widget-wrap elementor-element-populated\">\n\t\t\t\t\t\t<div class=\"elementor-element elementor-element-447e3ef elementor-widget__width-initial elementor-invisible elementor-widget elementor-widget-text-editor\" data-id=\"447e3ef\" data-element_type=\"widget\" data-e-type=\"widget\" data-settings=\"{&quot;_animation&quot;:&quot;nussFadeInUp&quot;}\" data-widget_type=\"text-editor.default\">\n\t\t\t\t\t\t\t\t\t<div class=\"svelte-1c06zsf\" data-lang-code=\"\"><p data-spm-anchor-id=\"a2ty_o01.29997173.0.i65.ead2c921ZzvKd1\">Une hospitalit\u00e9 intelligente, d\u00e9livr\u00e9e avec soin<\/p><\/div>\t\t\t\t\t\t\t\t<\/div>\n\t\t\t\t\t<\/div>\n\t\t<\/div>\n\t\t\t\t\t<\/div>\n\t\t<\/section>\n\t\t<div class=\"elementor-element elementor-element-76953f7 e-flex e-con-boxed e-con e-parent\" data-id=\"76953f7\" data-element_type=\"container\" data-e-type=\"container\">\n\t\t\t\t\t<div class=\"e-con-inner\">\n\t\t\t\t<div class=\"elementor-element elementor-element-2f32cd6 elementor-widget elementor-widget-text-editor\" data-id=\"2f32cd6\" data-element_type=\"widget\" data-e-type=\"widget\" data-widget_type=\"text-editor.default\">\n\t\t\t\t\t\t\t\t\t<p data-spm-anchor-id=\"a2ty_o01.29997173.0.i63.ead2c921ZzvKd1\">\u00c0 l&#039;Atour Hotel Nanjing East Road, Shanghai on the Bund, nous sommes convaincus que le v\u00e9ritable luxe ne r\u00e9side pas seulement dans l&#039;opulence, mais dans des exp\u00e9riences fluides et intuitives qui rendent chaque instant de votre s\u00e9jour agr\u00e9able. Situ\u00e9 dans le c\u0153ur historique de Shanghai, <strong>No. 105-1, route Fuzhou, district de Huangpu (200002)<\/strong>Notre h\u00f4tel red\u00e9finit l&#039;hospitalit\u00e9 urbaine gr\u00e2ce \u00e0 une gamme de services con\u00e7us avec intelligence, empathie et adapt\u00e9s au rythme du voyageur moderne. De votre arriv\u00e9e jusqu&#039;\u00e0 votre d\u00e9part, chaque point de contact est pens\u00e9 pour anticiper vos besoins, afin que vous puissiez vous concentrer sur l&#039;essentiel\u00a0: explorer Shanghai, conclure une affaire ou simplement vous d\u00e9tendre dans l&#039;une des villes les plus dynamiques du monde.<\/p><div class=\"my-2\">\u00a0<\/div><h3><strong>R\u00e9ception 24h\/24 et 7j\/7 et assistance multilingue<\/strong><\/h3><p>Notre r\u00e9ception est ouverte 24 heures sur 24 et est compos\u00e9e d&#039;une \u00e9quipe parlant couramment <strong>Mandarin et anglais<\/strong>, avec de nombreux membres de l&#039;\u00e9quipe offrant un soutien linguistique suppl\u00e9mentaire. Que vous arriviez \u00e0 minuit apr\u00e8s un long vol ou que vous ayez besoin de billets de th\u00e9\u00e2tre \u00e0 l&#039;aube, notre \u00e9quipe est pr\u00eate \u00e0 vous accompagner avec chaleur, efficacit\u00e9 et connaissance du terrain, transformant les d\u00e9fis logistiques en transitions fluides.<\/p><div class=\"my-2\">\u00a0<\/div><h3><strong>Technologie de salle intelligente et connectivit\u00e9 transparente<\/strong><\/h3><p>Entrez dans votre chambre et d\u00e9couvrez le futur du confort. Chaque espace est \u00e9quip\u00e9 <strong>commandes intelligentes<\/strong>\u2014r\u00e9glez l&#039;\u00e9clairage, la temp\u00e9rature et les rideaux par simple contact ou par commande vocale. <strong>Wi-Fi haut d\u00e9bit gratuit<\/strong> Couvre toute la propri\u00e9t\u00e9, garantissant des appels vid\u00e9o, du streaming ou la planification de vos d\u00e9placements sans interruption. Des ports de charge USB, des rideaux occultants et une literie haut de gamme am\u00e9liorent encore votre repos et votre productivit\u00e9.<\/p><div class=\"my-2\">\u00a0<\/div><h3><strong>Enregistrement et d\u00e9part express<\/strong><\/h3><p>Le temps est votre bien le plus pr\u00e9cieux. C&#039;est pourquoi nous vous proposons <strong>enregistrement et d\u00e9part express<\/strong>\u2014R\u00e9duire les temps d&#039;attente sans sacrifier la personnalisation. L&#039;enregistrement num\u00e9rique avant l&#039;arriv\u00e9e et l&#039;acc\u00e8s par cl\u00e9 mobile (le cas \u00e9ch\u00e9ant) simplifient votre entr\u00e9e, vous permettant de passer du trottoir au confort en quelques minutes.<\/p><div class=\"my-2\">\u00a0<\/div><h3><strong>Co-Working Lounge : quand le travail rencontre le bien-\u00eatre<\/strong><\/h3><p>Reconnaissant que les fronti\u00e8res entre les affaires et les loisirs continuent de s&#039;estomper, nous avons cr\u00e9\u00e9 un environnement serein <strong>salon de coworking<\/strong>\u2014 Un espace calme et lumineux avec des si\u00e8ges ergonomiques, des prises \u00e9lectriques \u00e0 chaque table, du caf\u00e9 et du th\u00e9 offerts et une ambiance sereine, id\u00e9ale pour un travail concentr\u00e9 ou des r\u00e9unions informelles. Plus qu&#039;un simple espace de travail, c&#039;est un v\u00e9ritable havre de productivit\u00e9 au c\u0153ur de l&#039;effervescence shangha\u00efenne.<\/p><div class=\"my-2\">\u00a0<\/div><h3><strong>M\u00e9nage quotidien et propret\u00e9 impeccable<\/strong><\/h3><p>La propret\u00e9 n&#039;est pas seulement une norme, c&#039;est une promesse. Notre \u00e9quipe d&#039;entretien applique des protocoles rigoureux pour garantir que votre chambre reste impeccable et respectueuse des allerg\u00e8nes. Des serviettes propres, des produits d&#039;accueil renouvel\u00e9s et une attention m\u00e9ticuleuse aux d\u00e9tails sont fournis quotidiennement, et des produits d&#039;entretien \u00e9cologiques sont utilis\u00e9s partout.<\/p><div class=\"my-2\">\u00a0<\/div><h3><strong>Consigne \u00e0 bagages et conciergerie de voyage<\/strong><\/h3><p>Que vous arriviez t\u00f4t ou que vous partiez tard, notre <strong>consigne \u00e0 bagages gratuite<\/strong> Le service assure la s\u00e9curit\u00e9 de vos bagages pendant vos explorations. Notre personnel fait \u00e9galement office de <strong>conciergerie locale<\/strong>, proposant des recommandations personnalis\u00e9es \u2014 des boutiques de raviolis cach\u00e9es sur Yunnan Road aux meilleurs endroits pour prendre des photos de coucher de soleil sur le Bund \u2014 et peut vous aider avec les cartes de m\u00e9tro, les r\u00e9servations de taxi ou les r\u00e9servations de mus\u00e9es.<\/p><div class=\"my-2\">\u00a0<\/div><h3><strong>Environnement non-fumeur et insonoris\u00e9 S\u00e9r\u00e9nit\u00e9<\/strong><\/h3><p>Toutes les chambres et les espaces publics sont strictement r\u00e9serv\u00e9s <strong>non-fumeur<\/strong>, cr\u00e9ant une atmosph\u00e8re fra\u00eeche et saine. Coupl\u00e9 \u00e0 <strong>fen\u00eatres insonoris\u00e9es haute performance<\/strong>, cela garantit une \u00e9vasion paisible de l&#039;\u00e9nergie de la ville, vous permettant ainsi de dormir profond\u00e9ment, m\u00eame \u00e0 quelques pas du rythme vibrant de Nanjing Road.<\/p><div class=\"my-2\">\u00a0<\/div><h3><strong>Durabilit\u00e9 dans le service<\/strong><\/h3><p>Atour s&#039;engage pour une hospitalit\u00e9 responsable. Nous minimisons l&#039;utilisation de plastiques \u00e0 usage unique, encourageons les programmes de r\u00e9utilisation des serviettes et nous approvisionnons en produits d&#039;accueil aupr\u00e8s de partenaires locaux \u00e9co-responsables. Nos services sont con\u00e7us non seulement pour le confort de nos clients, mais aussi pour le bien-\u00eatre \u00e0 long terme de l&#039;\u00e9cosyst\u00e8me urbain de Shanghai.<\/p><div class=\"my-2\">\u00a0<\/div><h3><strong>Accessibilit\u00e9 et soins inclusifs<\/strong><\/h3><p>Bien que notre emplacement urbain historique pr\u00e9sente des contraintes architecturales, nous nous effor\u00e7ons d&#039;accueillir chaque client avec dignit\u00e9. En nous pr\u00e9venant \u00e0 l&#039;avance, nous pouvons vous proposer des chambres en rez-de-chauss\u00e9e ou un accompagnement personnalis\u00e9, car un service attentionn\u00e9 implique de prendre en compte les besoins uniques de chaque client.<\/p><div class=\"my-2\">\u00a0<\/div><p>\u00c0 l&#039;Atour Hotel Nanjing East Road, Shanghai on the Bund, les services ne sont pas une priorit\u00e9\u00a0: ils sont au c\u0153ur de votre exp\u00e9rience. Nous ne nous contentons pas d&#039;offrir des prestations, nous les livrons. <strong>hospitalit\u00e9 intelligente<\/strong>:silencieux, efficace, centr\u00e9 sur l&#039;humain et toujours une longueur d&#039;avance.<\/p><div class=\"my-2\">\u00a0<\/div><p data-spm-anchor-id=\"a2ty_o01.29997173.0.i64.ead2c921ZzvKd1\">Que vous soyez ici pour 24 heures ou deux semaines, notre promesse reste la m\u00eame : <strong>un s\u00e9jour si agr\u00e9able que vous oublierez le monde ext\u00e9rieur, et si connect\u00e9 que vous vous sentirez comme chez vous au c\u0153ur de Shanghai.<\/strong><\/p>\t\t\t\t\t\t\t\t<\/div>\n\t\t\t\t\t<\/div>\n\t\t\t\t<\/div>\n\t\t\t\t<section class=\"elementor-section elementor-top-section elementor-element elementor-element-7e5522ea elementor-section-stretched elementor-section-boxed elementor-section-gap-beside-yes elementor-section-height-default elementor-section-height-default elementor-section-column-vertical-align-stretch\" data-id=\"7e5522ea\" data-element_type=\"section\" data-e-type=\"section\" data-settings=\"{&quot;background_background&quot;:&quot;classic&quot;,&quot;stretch_section&quot;:&quot;section-stretched&quot;}\">\n\t\t\t\t\t\t<div class=\"elementor-container elementor-column-gap-extended\">\n\t\t\t\t\t<div class=\"elementor-column elementor-col-100 elementor-top-column elementor-element elementor-element-fd12d3b\" data-id=\"fd12d3b\" data-element_type=\"column\" data-e-type=\"column\">\n\t\t\t<div class=\"elementor-widget-wrap elementor-element-populated\">\n\t\t\t\t\t\t<div class=\"elementor-element elementor-element-46a20624 elementor-widget elementor-widget-nuss-heading\" data-id=\"46a20624\" data-element_type=\"widget\" data-e-type=\"widget\" data-widget_type=\"nuss-heading.default\">\n\t\t\t\t<div class=\"elementor-widget-container\">\n\t\t\t\t\t\t\t<div class=\"nuss-modern-heading\">\r\n\t\t\t\t\t\t<div class=\"heading-secondary-wrap\">\r\n\t\t\t\t<h3 class=\"heading-secondary elementor-heading-title\">Ch\u00e8que disponible <\/h3>\t\t\t<\/div>\r\n\t\t\r\n\t\t\t\r\n\t\t\t\r\n\t\t\t\t\t<\/div>\r\n\t\t\t\t\t<\/div>\n\t\t\t\t<\/div>\n\t\t\t\t<div class=\"elementor-element elementor-element-7bcc24d2 elementor-widget elementor-widget-text-editor\" data-id=\"7bcc24d2\" data-element_type=\"widget\" data-e-type=\"widget\" data-widget_type=\"text-editor.default\">\n\t\t\t\t\t\t\t\t\t<iframe border=\"0\" src=\"https:\/\/www.trip.com\/partners\/ad\/S5683218?Allianceid=4590391&#038;SID=263693760&#038;trip_sub1=\" style=\"width:1200px;height:200px\" frameborder=\"0\" scrolling=\"no\" id=\"S5683218\"><\/iframe>\t\t\t\t\t\t\t\t<\/div>\n\t\t\t\t\t<\/div>\n\t\t<\/div>\n\t\t\t\t\t<\/div>\n\t\t<\/section>\n\t\t\t\t<\/div>","protected":false},"excerpt":{"rendered":"<p>Intelligent Hospitality, Thoughtfully Delivered At Atour Hotel Nanjing East Road, Shanghai on the Bund, we believe that true luxury lies not in opulence alone, but in the seamless, intuitive experiences that make every moment of your stay feel effortless. Located in the historic heart of Shanghai at No.105-1 Fuzhou Road, Huangpu District (200002), our hotel [&hellip;]<\/p>\n","protected":false},"author":1,"featured_media":0,"parent":0,"menu_order":0,"comment_status":"closed","ping_status":"closed","template":"","meta":{"footnotes":""},"class_list":["post-647","page","type-page","status-publish","hentry","post-no-thumbnail"],"_links":{"self":[{"href":"https:\/\/atourhotelnanjingeastroad.com\/fr\/wp-json\/wp\/v2\/pages\/647","targetHints":{"allow":["GET"]}}],"collection":[{"href":"https:\/\/atourhotelnanjingeastroad.com\/fr\/wp-json\/wp\/v2\/pages"}],"about":[{"href":"https:\/\/atourhotelnanjingeastroad.com\/fr\/wp-json\/wp\/v2\/types\/page"}],"author":[{"embeddable":true,"href":"https:\/\/atourhotelnanjingeastroad.com\/fr\/wp-json\/wp\/v2\/users\/1"}],"replies":[{"embeddable":true,"href":"https:\/\/atourhotelnanjingeastroad.com\/fr\/wp-json\/wp\/v2\/comments?post=647"}],"version-history":[{"count":0,"href":"https:\/\/atourhotelnanjingeastroad.com\/fr\/wp-json\/wp\/v2\/pages\/647\/revisions"}],"wp:attachment":[{"href":"https:\/\/atourhotelnanjingeastroad.com\/fr\/wp-json\/wp\/v2\/media?parent=647"}],"curies":[{"name":"wp","href":"https:\/\/api.w.org\/{rel}","templated":true}]}}