{"id":5266,"date":"2021-07-18T08:03:35","date_gmt":"2021-07-18T08:03:35","guid":{"rendered":"https:\/\/nuss.uxper.co\/luxury-resort\/?page_id=5266"},"modified":"2025-10-02T04:03:15","modified_gmt":"2025-10-02T04:03:15","slug":"a-propos-de-nous","status":"publish","type":"page","link":"https:\/\/atourhotelnanjingeastroad.com\/fr\/about-us\/","title":{"rendered":"\u00c0 propos de nous"},"content":{"rendered":"<div data-elementor-type=\"wp-page\" data-elementor-id=\"5266\" class=\"elementor elementor-5266\">\n\t\t\t\t\t\t<section class=\"elementor-section elementor-top-section elementor-element elementor-element-10416953 elementor-section-boxed elementor-section-gap-beside-yes elementor-section-height-default elementor-section-height-default elementor-section-column-vertical-align-stretch\" data-id=\"10416953\" data-element_type=\"section\" data-e-type=\"section\">\n\t\t\t\t\t\t<div class=\"elementor-container elementor-column-gap-extended\">\n\t\t\t\t\t<div class=\"elementor-column elementor-col-100 elementor-top-column elementor-element elementor-element-29c6aa8\" data-id=\"29c6aa8\" data-element_type=\"column\" data-e-type=\"column\">\n\t\t\t<div class=\"elementor-widget-wrap elementor-element-populated\">\n\t\t\t\t\t\t<div class=\"elementor-element elementor-element-7be18fe7 elementor-widget__width-initial elementor-invisible elementor-widget elementor-widget-text-editor\" data-id=\"7be18fe7\" data-element_type=\"widget\" data-e-type=\"widget\" data-settings=\"{&quot;_animation&quot;:&quot;nussFadeInUp&quot;}\" data-widget_type=\"text-editor.default\">\n\t\t\t\t\t\t\t\t\t<div class=\"svelte-1c06zsf\" data-lang-code=\"\"><p data-spm-anchor-id=\"a2ty_o01.29997173.0.i27.ead2c921ZzvKd1\">Votre porte d&#039;entr\u00e9e \u00e9l\u00e9gante vers le Bund et la route de Nanjing<\/p><\/div>\t\t\t\t\t\t\t\t<\/div>\n\t\t\t\t\t<\/div>\n\t\t<\/div>\n\t\t\t\t\t<\/div>\n\t\t<\/section>\n\t\t\t\t<section class=\"elementor-section elementor-top-section elementor-element elementor-element-7d18327f elementor-section-boxed elementor-section-gap-beside-yes elementor-section-height-default elementor-section-height-default elementor-section-column-vertical-align-stretch\" data-id=\"7d18327f\" data-element_type=\"section\" data-e-type=\"section\">\n\t\t\t\t\t\t<div class=\"elementor-container elementor-column-gap-extended\">\n\t\t\t\t\t<div class=\"elementor-column elementor-col-50 elementor-top-column elementor-element elementor-element-56533670\" data-id=\"56533670\" data-element_type=\"column\" data-e-type=\"column\">\n\t\t\t<div class=\"elementor-widget-wrap elementor-element-populated\">\n\t\t\t\t\t\t<div class=\"elementor-element elementor-element-19c3f543 elementor-drop-cap-yes elementor-drop-cap-view-default elementor-invisible elementor-widget elementor-widget-text-editor\" data-id=\"19c3f543\" data-element_type=\"widget\" data-e-type=\"widget\" data-settings=\"{&quot;_animation&quot;:&quot;nussFadeInUp&quot;,&quot;drop_cap&quot;:&quot;yes&quot;}\" data-widget_type=\"text-editor.default\">\n\t\t\t\t\t\t\t\t\t<p>D\u00e9couvrir <strong data-spm-anchor-id=\"a2ty_o01.29997173.0.i26.ead2c921ZzvKd1\">Atour Hotel Nanjing East Road, Shanghai sur le Bund<\/strong>\u2014un sanctuaire urbain raffin\u00e9 nich\u00e9 au c\u0153ur de l&#039;une des villes les plus dynamiques du monde. Strat\u00e9giquement situ\u00e9 \u00e0 <strong>No.105-1 Fuzhou Road, district de Huangpu, Shanghai 200002<\/strong>, cet h\u00f4tel-boutique moderne vous place \u00e0 quelques pas de l&#039;embl\u00e9matique <strong>Front de mer du Bund<\/strong>, le paradis du shopping scintillant de <strong>Route de Nanjing Est<\/strong>, et des sites culturels cl\u00e9s comme le <strong>Mus\u00e9e de Shanghai<\/strong> et <strong>Place du Peuple<\/strong>.<\/p>\t\t\t\t\t\t\t\t<\/div>\n\t\t\t\t\t<\/div>\n\t\t<\/div>\n\t\t\t\t<div class=\"elementor-column elementor-col-50 elementor-top-column elementor-element elementor-element-30f14127\" data-id=\"30f14127\" data-element_type=\"column\" data-e-type=\"column\">\n\t\t\t<div class=\"elementor-widget-wrap elementor-element-populated\">\n\t\t\t\t\t\t<div class=\"elementor-element elementor-element-59aea08 elementor-widget elementor-widget-image\" data-id=\"59aea08\" data-element_type=\"widget\" data-e-type=\"widget\" data-widget_type=\"image.default\">\n\t\t\t\t\t\t\t\t\t\t\t\t\t\t\t<img fetchpriority=\"high\" decoding=\"async\" width=\"1024\" height=\"768\" src=\"https:\/\/atourhotelnanjingeastroad.com\/wp-content\/uploads\/2025\/10\/Atour-Hotel-Nanjing-East-Road-41-1024x768.webp\" class=\"attachment-large size-large wp-image-6869\" alt=\"\" srcset=\"https:\/\/atourhotelnanjingeastroad.com\/wp-content\/uploads\/2025\/10\/Atour-Hotel-Nanjing-East-Road-41-1024x768.webp 1024w, https:\/\/atourhotelnanjingeastroad.com\/wp-content\/uploads\/2025\/10\/Atour-Hotel-Nanjing-East-Road-41-300x225.webp 300w, https:\/\/atourhotelnanjingeastroad.com\/wp-content\/uploads\/2025\/10\/Atour-Hotel-Nanjing-East-Road-41-768x576.webp 768w, https:\/\/atourhotelnanjingeastroad.com\/wp-content\/uploads\/2025\/10\/Atour-Hotel-Nanjing-East-Road-41-16x12.webp 16w, https:\/\/atourhotelnanjingeastroad.com\/wp-content\/uploads\/2025\/10\/Atour-Hotel-Nanjing-East-Road-41.webp 1137w\" sizes=\"(max-width: 1024px) 100vw, 1024px\" \/>\t\t\t\t\t\t\t\t\t\t\t\t\t\t\t<\/div>\n\t\t\t\t\t<\/div>\n\t\t<\/div>\n\t\t\t\t\t<\/div>\n\t\t<\/section>\n\t\t\t\t<section class=\"elementor-section elementor-top-section elementor-element elementor-element-29fb8578 elementor-section-height-min-height elementor-section-stretched elementor-section-full_width elementor-section-items-stretch elementor-section-height-default elementor-section-column-vertical-align-stretch\" data-id=\"29fb8578\" data-element_type=\"section\" data-e-type=\"section\" data-settings=\"{&quot;stretch_section&quot;:&quot;section-stretched&quot;}\">\n\t\t\t\t\t\t<div class=\"elementor-container elementor-column-gap-no\">\n\t\t\t\t\t<div class=\"elementor-column elementor-col-50 elementor-top-column elementor-element elementor-element-40ac270b\" data-id=\"40ac270b\" data-element_type=\"column\" data-e-type=\"column\">\n\t\t\t<div class=\"elementor-widget-wrap elementor-element-populated\">\n\t\t\t\t\t\t<div class=\"elementor-element elementor-element-20872773 elementor-widget__width-initial elementor-widget-mobile__width-inherit elementor-invisible nuss-elementor-loading nuss-slide-in-right elementor-widget elementor-widget-image\" data-id=\"20872773\" data-element_type=\"widget\" data-e-type=\"widget\" data-settings=\"{&quot;_animation&quot;:&quot;nussSlideInRight&quot;}\" data-widget_type=\"image.default\">\n\t\t\t\t\t\t\t\t\t\t\t\t\t\t\t<img decoding=\"async\" width=\"1280\" height=\"853\" src=\"https:\/\/atourhotelnanjingeastroad.com\/wp-content\/uploads\/2025\/10\/Atour-Hotel-Nanjing-East-Road-11.webp\" class=\"attachment-full size-full wp-image-6839\" alt=\"\" srcset=\"https:\/\/atourhotelnanjingeastroad.com\/wp-content\/uploads\/2025\/10\/Atour-Hotel-Nanjing-East-Road-11.webp 1280w, https:\/\/atourhotelnanjingeastroad.com\/wp-content\/uploads\/2025\/10\/Atour-Hotel-Nanjing-East-Road-11-300x200.webp 300w, https:\/\/atourhotelnanjingeastroad.com\/wp-content\/uploads\/2025\/10\/Atour-Hotel-Nanjing-East-Road-11-1024x682.webp 1024w, https:\/\/atourhotelnanjingeastroad.com\/wp-content\/uploads\/2025\/10\/Atour-Hotel-Nanjing-East-Road-11-768x512.webp 768w, https:\/\/atourhotelnanjingeastroad.com\/wp-content\/uploads\/2025\/10\/Atour-Hotel-Nanjing-East-Road-11-18x12.webp 18w\" sizes=\"(max-width: 1280px) 100vw, 1280px\" \/>\t\t\t\t\t\t\t\t\t\t\t\t\t\t\t<\/div>\n\t\t\t\t\t<\/div>\n\t\t<\/div>\n\t\t\t\t<div class=\"elementor-column elementor-col-50 elementor-top-column elementor-element elementor-element-2dac103\" data-id=\"2dac103\" data-element_type=\"column\" data-e-type=\"column\">\n\t\t\t<div class=\"elementor-widget-wrap elementor-element-populated\">\n\t\t\t\t\t\t<div class=\"elementor-element elementor-element-6f1b8966 elementor-invisible elementor-widget elementor-widget-text-editor\" data-id=\"6f1b8966\" data-element_type=\"widget\" data-e-type=\"widget\" data-settings=\"{&quot;_animation&quot;:&quot;nussFadeInUp&quot;}\" data-widget_type=\"text-editor.default\">\n\t\t\t\t\t\t\t\t\t<p data-spm-anchor-id=\"a2ty_o01.29997173.0.i30.ead2c921ZzvKd1\">Alliant design chinois contemporain et hospitalit\u00e9 raffin\u00e9e, l&#039;Atour Hotel allie harmonieusement confort, commodit\u00e9 et caract\u00e8re local. Que vous soyez de passage \u00e0 Shanghai pour affaires, loisirs ou un peu des deux, vous appr\u00e9cierez les prestations soigneusement s\u00e9lectionn\u00e9es de l&#039;h\u00f4tel\u00a0: <strong>technologie de chambre intelligente<\/strong>, <strong>Wi-Fi haut d\u00e9bit<\/strong>, un <strong>salon de coworking serein<\/strong>, et <strong>Service personnalis\u00e9 24h\/24 et 7j\/7<\/strong>\u2014tout est con\u00e7u pour am\u00e9liorer votre s\u00e9jour sans submerger vos sens.<\/p><div class=\"my-2\">\u00a0<\/div><p data-spm-anchor-id=\"a2ty_o01.29997173.0.i29.ead2c921ZzvKd1\">Les chambres sont minimalistes mais chaleureuses, dot\u00e9es d&#039;une literie haut de gamme, de fen\u00eatres insonoris\u00e9es et de clins d&#039;\u0153il subtils \u00e0 l&#039;h\u00e9ritage shangha\u00efen, tandis que le restaurant sur place c\u00e9l\u00e8bre les saveurs locales avec une touche moderne, parfait pour savourer un authentique xiaolongbao ou un petit-d\u00e9jeuner pr\u00e9par\u00e9 avant d&#039;explorer la ville.<\/p><div class=\"my-2\">\u00a0<\/div><p>Avec son apog\u00e9e <strong>Emplacement adjacent au Bund<\/strong>, un acc\u00e8s facile aux lignes de m\u00e9tro (\u00e0 quelques minutes de la station East Nanjing Road) et un engagement envers une hospitalit\u00e9 durable et centr\u00e9e sur le client, <strong>H\u00f4tel Atour Nanjing East Road<\/strong> Ce n&#039;est pas seulement un lieu de repos\u00a0: c&#039;est votre porte d&#039;entr\u00e9e vers le rythme, le romantisme et l&#039;\u00e9nergie irr\u00e9sistible de Shanghai. Id\u00e9al pour les voyageurs exigeants en qu\u00eate de style, de luxe et d&#039;un v\u00e9ritable ancrage dans la capitale cosmopolite de la Chine.<\/p>\t\t\t\t\t\t\t\t<\/div>\n\t\t\t\t\t<\/div>\n\t\t<\/div>\n\t\t\t\t\t<\/div>\n\t\t<\/section>\n\t\t\t\t<section class=\"elementor-section elementor-top-section elementor-element elementor-element-2092b7d0 elementor-section-stretched elementor-section-boxed elementor-section-gap-beside-yes elementor-section-height-default elementor-section-height-default elementor-section-column-vertical-align-stretch\" data-id=\"2092b7d0\" data-element_type=\"section\" data-e-type=\"section\" data-settings=\"{&quot;background_background&quot;:&quot;classic&quot;,&quot;stretch_section&quot;:&quot;section-stretched&quot;}\">\n\t\t\t\t\t\t<div class=\"elementor-container elementor-column-gap-extended\">\n\t\t\t\t\t<div class=\"elementor-column elementor-col-100 elementor-top-column elementor-element elementor-element-be69d75\" data-id=\"be69d75\" data-element_type=\"column\" data-e-type=\"column\">\n\t\t\t<div class=\"elementor-widget-wrap elementor-element-populated\">\n\t\t\t\t\t\t<div class=\"elementor-element elementor-element-320c022 elementor-widget elementor-widget-nuss-heading\" data-id=\"320c022\" data-element_type=\"widget\" data-e-type=\"widget\" data-widget_type=\"nuss-heading.default\">\n\t\t\t\t<div class=\"elementor-widget-container\">\n\t\t\t\t\t\t\t<div class=\"nuss-modern-heading\">\r\n\t\t\t\t\t\t<div class=\"heading-secondary-wrap\">\r\n\t\t\t\t<h3 class=\"heading-secondary elementor-heading-title\">Ch\u00e8que disponible <\/h3>\t\t\t<\/div>\r\n\t\t\r\n\t\t\t\r\n\t\t\t\r\n\t\t\t\t\t<\/div>\r\n\t\t\t\t\t<\/div>\n\t\t\t\t<\/div>\n\t\t\t\t<div class=\"elementor-element elementor-element-fe69a93 elementor-widget elementor-widget-text-editor\" data-id=\"fe69a93\" data-element_type=\"widget\" data-e-type=\"widget\" data-widget_type=\"text-editor.default\">\n\t\t\t\t\t\t\t\t\t<iframe border=\"0\" src=\"https:\/\/www.trip.com\/partners\/ad\/S5683218?Allianceid=4590391&#038;SID=263693760&#038;trip_sub1=\" style=\"width:1200px;height:200px\" frameborder=\"0\" scrolling=\"no\" id=\"S5683218\"><\/iframe>\t\t\t\t\t\t\t\t<\/div>\n\t\t\t\t\t<\/div>\n\t\t<\/div>\n\t\t\t\t\t<\/div>\n\t\t<\/section>\n\t\t\t\t<\/div>","protected":false},"excerpt":{"rendered":"<p>Your Stylish Gateway to the Bund &amp; Nanjing Road Discover Atour Hotel Nanjing East Road, Shanghai on the Bund\u2014a refined urban sanctuary nestled in the heart of one of the world\u2019s most dynamic cities. Strategically located at No.105-1 Fuzhou Road, Huangpu District, Shanghai 200002, this modern boutique hotel places you steps away from the iconic [&hellip;]<\/p>\n","protected":false},"author":1,"featured_media":0,"parent":0,"menu_order":0,"comment_status":"closed","ping_status":"closed","template":"","meta":{"footnotes":""},"class_list":["post-5266","page","type-page","status-publish","hentry","post-no-thumbnail"],"_links":{"self":[{"href":"https:\/\/atourhotelnanjingeastroad.com\/fr\/wp-json\/wp\/v2\/pages\/5266","targetHints":{"allow":["GET"]}}],"collection":[{"href":"https:\/\/atourhotelnanjingeastroad.com\/fr\/wp-json\/wp\/v2\/pages"}],"about":[{"href":"https:\/\/atourhotelnanjingeastroad.com\/fr\/wp-json\/wp\/v2\/types\/page"}],"author":[{"embeddable":true,"href":"https:\/\/atourhotelnanjingeastroad.com\/fr\/wp-json\/wp\/v2\/users\/1"}],"replies":[{"embeddable":true,"href":"https:\/\/atourhotelnanjingeastroad.com\/fr\/wp-json\/wp\/v2\/comments?post=5266"}],"version-history":[{"count":0,"href":"https:\/\/atourhotelnanjingeastroad.com\/fr\/wp-json\/wp\/v2\/pages\/5266\/revisions"}],"wp:attachment":[{"href":"https:\/\/atourhotelnanjingeastroad.com\/fr\/wp-json\/wp\/v2\/media?parent=5266"}],"curies":[{"name":"wp","href":"https:\/\/api.w.org\/{rel}","templated":true}]}}