{"id":2106,"date":"2021-03-25T04:08:26","date_gmt":"2021-03-25T04:08:26","guid":{"rendered":"http:\/\/localhost\/nuss\/?page_id=298"},"modified":"2025-10-02T04:20:43","modified_gmt":"2025-10-02T04:20:43","slug":"experiences","status":"publish","type":"page","link":"https:\/\/atourhotelnanjingeastroad.com\/fr\/experiences\/","title":{"rendered":"Exp\u00e9riences et avis clients"},"content":{"rendered":"<div data-elementor-type=\"wp-page\" data-elementor-id=\"2106\" class=\"elementor elementor-2106\">\n\t\t\t\t\t\t<section class=\"elementor-section elementor-top-section elementor-element elementor-element-1954ffc elementor-section-boxed elementor-section-gap-beside-yes elementor-section-height-default elementor-section-height-default elementor-section-column-vertical-align-stretch\" data-id=\"1954ffc\" data-element_type=\"section\" data-e-type=\"section\">\n\t\t\t\t\t\t<div class=\"elementor-container elementor-column-gap-extended\">\n\t\t\t\t\t<div class=\"elementor-column elementor-col-100 elementor-top-column elementor-element elementor-element-86aebc5\" data-id=\"86aebc5\" data-element_type=\"column\" data-e-type=\"column\">\n\t\t\t<div class=\"elementor-widget-wrap elementor-element-populated\">\n\t\t\t\t\t\t<div class=\"elementor-element elementor-element-11803d1 elementor-widget__width-initial elementor-invisible elementor-widget elementor-widget-text-editor\" data-id=\"11803d1\" data-element_type=\"widget\" data-e-type=\"widget\" data-settings=\"{&quot;_animation&quot;:&quot;nussFadeInUp&quot;}\" data-widget_type=\"text-editor.default\">\n\t\t\t\t\t\t\t\t\t<div class=\"svelte-1c06zsf\" data-lang-code=\"\"><p data-spm-anchor-id=\"a2ty_o01.29997173.0.i37.ead2c921ZzvKd1\">Pourquoi les voyageurs adorent l&#039;Atour Hotel sur le Bund\u00a0\u2013 Avis authentiques du c\u0153ur de Shanghai<\/p><\/div>\t\t\t\t\t\t\t\t<\/div>\n\t\t\t\t\t<\/div>\n\t\t<\/div>\n\t\t\t\t\t<\/div>\n\t\t<\/section>\n\t\t<div class=\"elementor-element elementor-element-95e7268 e-flex e-con-boxed e-con e-parent\" data-id=\"95e7268\" data-element_type=\"container\" data-e-type=\"container\">\n\t\t\t\t\t<div class=\"e-con-inner\">\n\t\t\t\t<div class=\"elementor-element elementor-element-bd47571 elementor-widget elementor-widget-image\" data-id=\"bd47571\" data-element_type=\"widget\" data-e-type=\"widget\" data-widget_type=\"image.default\">\n\t\t\t\t\t\t\t\t\t\t\t\t\t\t\t\t<a href=\"https:\/\/www.trip.com\/t\/MpZxZR6KhR2\" target=\"_blank\" rel=\"noopener\">\n\t\t\t\t\t\t\t<img fetchpriority=\"high\" decoding=\"async\" width=\"1024\" height=\"693\" src=\"https:\/\/atourhotelnanjingeastroad.com\/wp-content\/uploads\/2025\/10\/reviews-1024x693.jpg\" class=\"attachment-large size-large wp-image-6993\" alt=\"\" srcset=\"https:\/\/atourhotelnanjingeastroad.com\/wp-content\/uploads\/2025\/10\/reviews-1024x693.jpg 1024w, https:\/\/atourhotelnanjingeastroad.com\/wp-content\/uploads\/2025\/10\/reviews-300x203.jpg 300w, https:\/\/atourhotelnanjingeastroad.com\/wp-content\/uploads\/2025\/10\/reviews-768x520.jpg 768w, https:\/\/atourhotelnanjingeastroad.com\/wp-content\/uploads\/2025\/10\/reviews-18x12.jpg 18w, https:\/\/atourhotelnanjingeastroad.com\/wp-content\/uploads\/2025\/10\/reviews.jpg 1393w\" sizes=\"(max-width: 1024px) 100vw, 1024px\" \/>\t\t\t\t\t\t\t\t<\/a>\n\t\t\t\t\t\t\t\t\t\t\t\t\t\t\t<\/div>\n\t\t\t\t\t<\/div>\n\t\t\t\t<\/div>\n\t\t<div class=\"elementor-element elementor-element-3e39171 e-flex e-con-boxed e-con e-parent\" data-id=\"3e39171\" data-element_type=\"container\" data-e-type=\"container\">\n\t\t\t\t\t<div class=\"e-con-inner\">\n\t\t\t\t<div class=\"elementor-element elementor-element-7761d0c elementor-widget elementor-widget-text-editor\" data-id=\"7761d0c\" data-element_type=\"widget\" data-e-type=\"widget\" data-widget_type=\"text-editor.default\">\n\t\t\t\t\t\t\t\t\t<p data-spm-anchor-id=\"a2ty_o01.29997173.0.i35.ead2c921ZzvKd1\">Lorsqu&#039;ils choisissent un h\u00f4tel \u00e0 Shanghai, ville vibrante d&#039;\u00e9nergie, d&#039;histoire et d&#039;innovation, les voyageurs recherchent bien plus qu&#039;un simple endroit o\u00f9 dormir. Ils recherchent commodit\u00e9, confort, authenticit\u00e9 et une exp\u00e9rience irr\u00e9prochable. <strong>Atour Hotel Nanjing East Road, Shanghai sur le Bund<\/strong>, les clients trouvent syst\u00e9matiquement tout cela et bien plus encore. S&#039;appuyant sur de v\u00e9ritables avis de voyageurs sur Trip.com, cet h\u00f4tel-boutique <strong>No.105-1 Fuzhou Road, district de Huangpu, Shanghai 200002<\/strong>, a re\u00e7u de nombreux \u00e9loges pour sa conception r\u00e9fl\u00e9chie, son emplacement strat\u00e9gique et son service exceptionnel, ce qui en fait un choix remarquable pour les voyageurs d&#039;affaires et de loisirs.<\/p><div class=\"my-2\">\u00a0<\/div><h3>Emplacement privil\u00e9gi\u00e9, commodit\u00e9 imbattable<\/h3><p>\u00c0 maintes reprises, les clients soulignent la <strong>emplacement id\u00e9al<\/strong> comme un point fort majeur. Situ\u00e9 \u00e0 seulement 5 minutes \u00e0 pied de <strong>Station de m\u00e9tro East Nanjing Road<\/strong> et \u00e0 quelques minutes \u00e0 pied de <strong>Le Bund<\/strong>, <strong>Place du Peuple<\/strong>, et <strong>Rue pi\u00e9tonne Nanjing Road<\/strong>L&#039;Atour Hotel vous place \u00e0 deux pas des attractions les plus embl\u00e9matiques de Shanghai. \u00ab\u00a0Parfait pour visiter la ville\u00a0\u00bb, \u00e9crit un critique, tandis qu&#039;un autre remarque\u00a0: \u00ab\u00a0Nous avons rejoint le Bund \u00e0 pied en moins de 10\u00a0minutes, c&#039;est vraiment pratique\u00a0!\u00a0\u00bb Les voyageurs d&#039;affaires appr\u00e9cient \u00e9galement la proximit\u00e9 des centres d&#039;affaires et des transports, l&#039;a\u00e9roport de Pudong et la gare de Hongqiao \u00e9tant facilement accessibles en m\u00e9tro.<\/p><div class=\"my-2\">\u00a0<\/div><h3>Des chambres \u00e9l\u00e9gantes, intelligentes et sereines<\/h3><p>Les clients d\u00e9crivent syst\u00e9matiquement les chambres comme <strong>moderne, propre et intelligemment con\u00e7u<\/strong>. Beaucoup louent le <strong>fen\u00eatres insonoris\u00e9es<\/strong> qui assurent un sommeil paisible malgr\u00e9 l&#039;emplacement central, tandis que d&#039;autres louent le <strong>commandes de pi\u00e8ce intelligentes<\/strong>, linge de maison de haute qualit\u00e9 et esth\u00e9tique minimaliste alliant style contemporain et subtiles touches shangha\u00efennes. \u00ab La chambre \u00e9tait un v\u00e9ritable havre de paix apr\u00e8s une journ\u00e9e de d\u00e9couvertes \u00bb, a confi\u00e9 un couple. Les familles comme les voyageurs solitaires appr\u00e9cient le m\u00e9nage impeccable et les salles de bains soign\u00e9es, dot\u00e9es d&#039;\u00e9quipements haut de gamme.<\/p><div class=\"my-2\">\u00a0<\/div><h3>Service chaleureux, efficace et multilingue<\/h3><p>D\u00e8s leur arriv\u00e9e, les h\u00f4tes sont accueillis par <strong>personnel attentionn\u00e9, professionnel et souvent multilingue<\/strong>. De nombreuses critiques mentionnent la <strong>R\u00e9ception ouverte 24h\/24<\/strong>, <strong>enregistrement\/d\u00e9part express<\/strong>, et la disponibilit\u00e9 de l&#039;\u00e9quipe pour nous aider avec des recommandations locales, un service de consigne \u00e0 bagages ou des demandes de derni\u00e8re minute. \u00ab Le personnel s&#039;est surpass\u00e9 pour nous aider \u00e0 r\u00e9server une table pr\u00e8s du Bund \u00bb, a d\u00e9clar\u00e9 un voyageur europ\u00e9en. Ce service personnalis\u00e9 et sans tracas refl\u00e8te la philosophie d&#039;Atour, celle d&#039;une \u00ab hospitalit\u00e9 intelligente \u00bb, qui consiste \u00e0 anticiper les besoins avant m\u00eame qu&#039;ils ne soient exprim\u00e9s.<\/p><div class=\"my-2\">\u00a0<\/div><h3>Des \u00e9quipements bien pens\u00e9s pour le voyageur moderne<\/h3><p>Les voyageurs appr\u00e9cient \u00e9galement les \u00e9quipements pratiques mais haut de gamme : <strong>Wi-Fi haut d\u00e9bit gratuit<\/strong>, un <strong>salon de coworking calme<\/strong> Id\u00e9al pour le t\u00e9l\u00e9travail, l&#039;h\u00f4tel propose un service de m\u00e9nage quotidien impeccable. Bien que l&#039;h\u00f4tel ne dispose pas d&#039;un spa complet ni d&#039;une piscine (ce qui est courant dans les h\u00f4tels-boutiques urbains), les clients soulignent l&#039;importance accord\u00e9e \u00e0 <strong>conforts essentiels<\/strong>\u2014un sommeil de qualit\u00e9, une connectivit\u00e9 fluide et la propret\u00e9\u2014compensent largement.<\/p><div class=\"my-2\">\u00a0<\/div><h3>De vraies notes, une vraie satisfaction<\/h3><p>Avec un <strong>note constamment \u00e9lev\u00e9e sur Trip.com<\/strong>L&#039;Atour Hotel Nanjing East Road est particuli\u00e8rement appr\u00e9ci\u00e9 pour <strong>rapport qualit\u00e9\/prix<\/strong>, <strong>propret\u00e9<\/strong>, et <strong>emplacement<\/strong>\u2014 obtenant souvent une note de 4,5\/5 ou plus dans toutes les cat\u00e9gories. Les clients fid\u00e8les ne sont pas rares, un client ayant d\u00e9clar\u00e9\u00a0: \u00ab\u00a0C&#039;est mon troisi\u00e8me s\u00e9jour\u00a0; je reviens sans cesse, car \u00e7a fonctionne, tout simplement.\u00a0\u00bb<\/p><div class=\"my-2\">\u00a0<\/div><h3>Le verdict des voyageurs<\/h3><p>Selon les mots d\u2019un invit\u00e9 r\u00e9cent : <em>\u00ab Atour n&#039;est pas seulement un h\u00f4tel, c&#039;est votre camp de base intelligent et \u00e9l\u00e9gant pour d\u00e9couvrir Shanghai. \u00bb<\/em> Que vous vous \u00e9merveilliez devant l&#039;architecture coloniale le long du Bund au coucher du soleil, que vous fassiez du shopping jusqu&#039;\u00e0 \u00e9puisement sur Nanjing Road ou que vous participiez \u00e0 des r\u00e9unions dans le centre-ville, l&#039;Atour Hotel Nanjing East Road offre une exp\u00e9rience client unique. <strong>fiable, raffin\u00e9 et ancr\u00e9 dans les besoins r\u00e9els des voyageurs<\/strong>.<\/p><div class=\"my-2\">\u00a0<\/div><p>Pour ceux qui planifient un voyage \u00e0 Shanghai et recherchent un h\u00f4tel qui \u00e9quilibre <strong>\u00e9nergie urbaine avec confort tranquille<\/strong>, les voix authentiques des invit\u00e9s pass\u00e9s montrent clairement une chose : <strong>Atour Hotel Nanjing East Road, Shanghai sur le Bund<\/strong> n&#039;est pas seulement bien situ\u00e9, il est \u00e9galement tr\u00e8s appr\u00e9ci\u00e9.<\/p><div class=\"my-2\">\u00a0<\/div><p data-spm-anchor-id=\"a2ty_o01.29997173.0.i36.ead2c921ZzvKd1\"><em>R\u00e9servez votre s\u00e9jour et rejoignez des milliers de voyageurs satisfaits qui ont d\u00e9couvert pourquoi ce joyau cach\u00e9 du district de Huangpu continue de recevoir des critiques \u00e9logieuses au c\u0153ur de la m\u00e9tropole la plus captivante de Chine.<\/em><\/p>\t\t\t\t\t\t\t\t<\/div>\n\t\t\t\t\t<\/div>\n\t\t\t\t<\/div>\n\t\t\t\t<section class=\"elementor-section elementor-top-section elementor-element elementor-element-4685197a elementor-section-stretched elementor-section-boxed elementor-section-gap-beside-yes elementor-section-height-default elementor-section-height-default elementor-section-column-vertical-align-stretch\" data-id=\"4685197a\" data-element_type=\"section\" data-e-type=\"section\" data-settings=\"{&quot;background_background&quot;:&quot;classic&quot;,&quot;stretch_section&quot;:&quot;section-stretched&quot;}\">\n\t\t\t\t\t\t<div class=\"elementor-container elementor-column-gap-extended\">\n\t\t\t\t\t<div class=\"elementor-column elementor-col-100 elementor-top-column elementor-element elementor-element-49f12f67\" data-id=\"49f12f67\" data-element_type=\"column\" data-e-type=\"column\">\n\t\t\t<div class=\"elementor-widget-wrap elementor-element-populated\">\n\t\t\t\t\t\t<div class=\"elementor-element elementor-element-2383e41b elementor-widget elementor-widget-nuss-heading\" data-id=\"2383e41b\" data-element_type=\"widget\" data-e-type=\"widget\" data-widget_type=\"nuss-heading.default\">\n\t\t\t\t<div class=\"elementor-widget-container\">\n\t\t\t\t\t\t\t<div class=\"nuss-modern-heading\">\r\n\t\t\t\t\t\t<div class=\"heading-secondary-wrap\">\r\n\t\t\t\t<h3 class=\"heading-secondary elementor-heading-title\">Ch\u00e8que disponible <\/h3>\t\t\t<\/div>\r\n\t\t\r\n\t\t\t\r\n\t\t\t\r\n\t\t\t\t\t<\/div>\r\n\t\t\t\t\t<\/div>\n\t\t\t\t<\/div>\n\t\t\t\t<div class=\"elementor-element elementor-element-789087e7 elementor-widget elementor-widget-text-editor\" data-id=\"789087e7\" data-element_type=\"widget\" data-e-type=\"widget\" data-widget_type=\"text-editor.default\">\n\t\t\t\t\t\t\t\t\t<iframe border=\"0\" src=\"https:\/\/www.trip.com\/partners\/ad\/S5683218?Allianceid=4590391&#038;SID=263693760&#038;trip_sub1=\" style=\"width:1200px;height:200px\" frameborder=\"0\" scrolling=\"no\" id=\"S5683218\"><\/iframe>\t\t\t\t\t\t\t\t<\/div>\n\t\t\t\t\t<\/div>\n\t\t<\/div>\n\t\t\t\t\t<\/div>\n\t\t<\/section>\n\t\t\t\t<\/div>","protected":false},"excerpt":{"rendered":"<p>Why Travelers Love Atour Hotel on the Bund \u2013 Real Reviews from the Heart of Shanghai When choosing a hotel in Shanghai\u2014a city that pulses with energy, history, and innovation\u2014travelers seek more than just a place to sleep. They want convenience, comfort, authenticity, and a seamless experience. At Atour Hotel Nanjing East Road, Shanghai on [&hellip;]<\/p>\n","protected":false},"author":1,"featured_media":0,"parent":0,"menu_order":0,"comment_status":"closed","ping_status":"closed","template":"","meta":{"footnotes":""},"class_list":["post-2106","page","type-page","status-publish","hentry","post-no-thumbnail"],"_links":{"self":[{"href":"https:\/\/atourhotelnanjingeastroad.com\/fr\/wp-json\/wp\/v2\/pages\/2106","targetHints":{"allow":["GET"]}}],"collection":[{"href":"https:\/\/atourhotelnanjingeastroad.com\/fr\/wp-json\/wp\/v2\/pages"}],"about":[{"href":"https:\/\/atourhotelnanjingeastroad.com\/fr\/wp-json\/wp\/v2\/types\/page"}],"author":[{"embeddable":true,"href":"https:\/\/atourhotelnanjingeastroad.com\/fr\/wp-json\/wp\/v2\/users\/1"}],"replies":[{"embeddable":true,"href":"https:\/\/atourhotelnanjingeastroad.com\/fr\/wp-json\/wp\/v2\/comments?post=2106"}],"version-history":[{"count":0,"href":"https:\/\/atourhotelnanjingeastroad.com\/fr\/wp-json\/wp\/v2\/pages\/2106\/revisions"}],"wp:attachment":[{"href":"https:\/\/atourhotelnanjingeastroad.com\/fr\/wp-json\/wp\/v2\/media?parent=2106"}],"curies":[{"name":"wp","href":"https:\/\/api.w.org\/{rel}","templated":true}]}}