{"id":2104,"date":"2021-03-23T09:33:48","date_gmt":"2021-03-23T09:33:48","guid":{"rendered":"http:\/\/localhost\/nuss\/?page_id=167"},"modified":"2025-10-02T05:03:37","modified_gmt":"2025-10-02T05:03:37","slug":"notre-histoire","status":"publish","type":"page","link":"https:\/\/atourhotelnanjingeastroad.com\/fr\/our-story\/","title":{"rendered":"Notre histoire"},"content":{"rendered":"<div data-elementor-type=\"wp-page\" data-elementor-id=\"2104\" class=\"elementor elementor-2104\">\n\t\t\t\t\t\t<section class=\"elementor-section elementor-top-section elementor-element elementor-element-8f5bb9d elementor-section-boxed elementor-section-gap-beside-yes elementor-section-height-default elementor-section-height-default elementor-section-column-vertical-align-stretch\" data-id=\"8f5bb9d\" data-element_type=\"section\" data-e-type=\"section\">\n\t\t\t\t\t\t<div class=\"elementor-container elementor-column-gap-extended\">\n\t\t\t\t\t<div class=\"elementor-column elementor-col-100 elementor-top-column elementor-element elementor-element-7ec4215\" data-id=\"7ec4215\" data-element_type=\"column\" data-e-type=\"column\">\n\t\t\t<div class=\"elementor-widget-wrap elementor-element-populated\">\n\t\t\t\t\t\t<div class=\"elementor-element elementor-element-edd9d03 elementor-widget__width-initial elementor-invisible elementor-widget elementor-widget-text-editor\" data-id=\"edd9d03\" data-element_type=\"widget\" data-e-type=\"widget\" data-settings=\"{&quot;_animation&quot;:&quot;nussFadeInUp&quot;}\" data-widget_type=\"text-editor.default\">\n\t\t\t\t\t\t\t\t\t<p>Une lettre d&#039;amour moderne au patrimoine de Shanghai<\/p>\t\t\t\t\t\t\t\t<\/div>\n\t\t\t\t\t<\/div>\n\t\t<\/div>\n\t\t\t\t\t<\/div>\n\t\t<\/section>\n\t\t<div class=\"elementor-element elementor-element-ae7e42f e-flex e-con-boxed e-con e-parent\" data-id=\"ae7e42f\" data-element_type=\"container\" data-e-type=\"container\">\n\t\t\t\t\t<div class=\"e-con-inner\">\n\t\t\t\t<div class=\"elementor-element elementor-element-136c3a3 elementor-widget elementor-widget-text-editor\" data-id=\"136c3a3\" data-element_type=\"widget\" data-e-type=\"widget\" data-widget_type=\"text-editor.default\">\n\t\t\t\t\t\t\t\t\t<p>Au c\u0153ur de l&#039;une des m\u00e9tropoles les plus dynamiques du monde, o\u00f9 la grandeur de l&#039;\u00e9poque coloniale borde la rivi\u00e8re Huangpu et o\u00f9 les gratte-ciel \u00e9clair\u00e9s au n\u00e9on vibrent avec l&#039;ambition du 21e si\u00e8cle, l&#039;Atour Hotel Nanjing East Road, Shanghai on the Bund est n\u00e9 d&#039;une vision simple mais profonde : cr\u00e9er un sanctuaire qui honore l&#039;\u00e2me de Shanghai tout en embrassant l&#039;intelligence du voyage moderne.<\/p><div class=\"my-2\">\u00a0<\/div><p>Notre voyage a commenc\u00e9 non pas avec des plans, mais avec un profond respect pour le lieu. Situ\u00e9 \u00e0 <strong>No. 105-1, route de Fuzhou, district de Huangpu<\/strong>Notre h\u00f4tel occupe un site charg\u00e9 d&#039;histoire. Fuzhou Road, autrefois surnomm\u00e9e \u00ab\u00a0rue de la culture\u00a0\u00bb au d\u00e9but du XXe si\u00e8cle, abritait \u00e9diteurs, po\u00e8tes et penseurs qui ont fa\u00e7onn\u00e9 la pens\u00e9e chinoise moderne. \u00c0 quelques pas, le Bund t\u00e9moigne de l&#039;h\u00e9ritage de Shanghai comme carrefour mondial, o\u00f9 l&#039;Orient et l&#039;Occident convergeaient en termes d&#039;architecture, de commerce et de culture. Construire ici \u00e9tait plus qu&#039;une simple opportunit\u00e9, c&#039;\u00e9tait une responsabilit\u00e9.<\/p><div class=\"my-2\">\u00a0<\/div><p>Atour, marque h\u00f4teli\u00e8re chinoise pionni\u00e8re, reconnue pour sa philosophie de \u00ab\u00a0chaleur intelligente\u00a0\u00bb, a vu dans ce lieu l&#039;occasion de red\u00e9finir l&#039;hospitalit\u00e9 urbaine. Nous ne souhaitions ni reproduire le pass\u00e9, ni l&#039;effacer sous une modernit\u00e9 st\u00e9rile. Nous avons plut\u00f4t cherch\u00e9 \u00e0 allier les deux, cr\u00e9ant un espace o\u00f9 l&#039;\u00e9l\u00e9gance du vieux Shanghai se refl\u00e8te dans un design minimaliste, o\u00f9 la technologie intelligente assure un confort sans intrusion, et o\u00f9 chaque d\u00e9tail refl\u00e8te une compr\u00e9hension profonde des valeurs du voyageur d&#039;aujourd&#039;hui\u00a0: l&#039;authenticit\u00e9, la simplicit\u00e9 et le lien.<\/p><div class=\"my-2\">\u00a0<\/div><p>La transformation de ce coin historique en Atour Hotel Nanjing East Road a \u00e9t\u00e9 guid\u00e9e par trois principes fondamentaux : <strong>contexte, conscience et soins<\/strong>.<\/p><div class=\"my-2\">\u00a0<\/div><ul dir=\"auto\"><li><strong>Contexte<\/strong>Chaque choix de design, des tons chauds du bois aux palettes douces en passant par les \u0153uvres d&#039;art locales soigneusement s\u00e9lectionn\u00e9es, refl\u00e8te l&#039;h\u00e9ritage esth\u00e9tique unique de Shanghai. De grandes baies vitr\u00e9es offrent une vue sur les multiples facettes de la ville, invitant les clients \u00e0 d\u00e9couvrir le dialogue entre les vestiges Art d\u00e9co et les tours futuristes de Pudong.<\/li><li><strong>Conscience<\/strong>: Le d\u00e9veloppement durable et l&#039;efficacit\u00e9 sont au c\u0153ur de nos activit\u00e9s. Des syst\u00e8mes de chambres intelligents \u00e9conomes en \u00e9nergie \u00e0 la r\u00e9duction des plastiques \u00e0 usage unique et aux \u00e9quipements d&#039;origine locale, nous nous effor\u00e7ons de faire preuve de prudence tout en offrant des exp\u00e9riences exceptionnelles.<\/li><li><strong>Soins<\/strong>Notre \u00e9quipe est form\u00e9e non seulement pour servir, mais aussi pour anticiper. Qu&#039;il s&#039;agisse d&#039;un mot de bienvenue manuscrit, d&#039;une recommandation pour une boutique de raviolis cach\u00e9e au bout de la rue ou d&#039;une assistance sans faille pour l&#039;achat de vos tickets de m\u00e9tro, nous sommes convaincus que l&#039;hospitalit\u00e9 r\u00e9side dans les d\u00e9tails.<\/li><\/ul><div class=\"my-2\">\u00a0<\/div><p>Depuis son ouverture, l&#039;Atour Hotel Nanjing East Road est devenu bien plus qu&#039;un simple lieu de repos\u00a0: c&#039;est un v\u00e9ritable tremplin vers la d\u00e9couverte. Apr\u00e8s une r\u00e9union, les dirigeants d&#039;entreprise se d\u00e9tendent en admirant la vue sur les gratte-ciel depuis leurs chambres paisibles. Les couples d\u00e9butent leur histoire d&#039;amour \u00e0 Shanghai par une promenade au coucher du soleil le long du Bund. Les voyageurs solitaires trouvent s\u00e9curit\u00e9 et inspiration dans nos espaces soigneusement con\u00e7us. Et malgr\u00e9 tout, nous restons ancr\u00e9s dans notre histoire\u00a0: une lettre d&#039;amour \u00e0 Shanghai, \u00e9crite avec des lignes \u00e9pur\u00e9es, une lumi\u00e8re chaleureuse et une v\u00e9ritable complicit\u00e9 humaine.<\/p><div class=\"my-2\">\u00a0<\/div><p>Aujourd&#039;hui, alors que la ville continue d&#039;\u00e9voluer \u00e0 un rythme \u00e9poustouflant, nous nous dressons comme une pr\u00e9sence calme et r\u00e9fl\u00e9chie dans son rythme, honorant l\u00e0 o\u00f9 nous sommes all\u00e9s, acceptant l\u00e0 o\u00f9 nous allons et vous accueillant non seulement en tant qu&#039;invit\u00e9, mais comme faisant partie de notre r\u00e9cit en cours.<\/p><div class=\"my-2\">\u00a0<\/div><p data-spm-anchor-id=\"a2ty_o01.29997173.0.i51.ead2c921ZzvKd1\">C&#039;est plus qu&#039;un h\u00f4tel.<br \/>C&#039;est <strong>Atour sur le Bund<\/strong>\u2014o\u00f9 l&#039;esprit de Shanghai trouve sa demeure moderne.<\/p>\t\t\t\t\t\t\t\t<\/div>\n\t\t\t\t\t<\/div>\n\t\t\t\t<\/div>\n\t\t\t\t<section class=\"elementor-section elementor-top-section elementor-element elementor-element-2395d538 elementor-section-stretched elementor-section-boxed elementor-section-gap-beside-yes elementor-section-height-default elementor-section-height-default elementor-section-column-vertical-align-stretch\" data-id=\"2395d538\" data-element_type=\"section\" data-e-type=\"section\" data-settings=\"{&quot;background_background&quot;:&quot;classic&quot;,&quot;stretch_section&quot;:&quot;section-stretched&quot;}\">\n\t\t\t\t\t\t<div class=\"elementor-container elementor-column-gap-extended\">\n\t\t\t\t\t<div class=\"elementor-column elementor-col-100 elementor-top-column elementor-element elementor-element-1b428554\" data-id=\"1b428554\" data-element_type=\"column\" data-e-type=\"column\">\n\t\t\t<div class=\"elementor-widget-wrap elementor-element-populated\">\n\t\t\t\t\t\t<div class=\"elementor-element elementor-element-4f0df1f3 elementor-widget elementor-widget-nuss-heading\" data-id=\"4f0df1f3\" data-element_type=\"widget\" data-e-type=\"widget\" data-widget_type=\"nuss-heading.default\">\n\t\t\t\t<div class=\"elementor-widget-container\">\n\t\t\t\t\t\t\t<div class=\"nuss-modern-heading\">\r\n\t\t\t\t\t\t<div class=\"heading-secondary-wrap\">\r\n\t\t\t\t<h3 class=\"heading-secondary elementor-heading-title\">Ch\u00e8que disponible <\/h3>\t\t\t<\/div>\r\n\t\t\r\n\t\t\t\r\n\t\t\t\r\n\t\t\t\t\t<\/div>\r\n\t\t\t\t\t<\/div>\n\t\t\t\t<\/div>\n\t\t\t\t<div class=\"elementor-element elementor-element-7225468f elementor-widget elementor-widget-text-editor\" data-id=\"7225468f\" data-element_type=\"widget\" data-e-type=\"widget\" data-widget_type=\"text-editor.default\">\n\t\t\t\t\t\t\t\t\t<iframe border=\"0\" src=\"https:\/\/www.trip.com\/partners\/ad\/S5683218?Allianceid=4590391&#038;SID=263693760&#038;trip_sub1=\" style=\"width:1200px;height:200px\" frameborder=\"0\" scrolling=\"no\" id=\"S5683218\"><\/iframe>\t\t\t\t\t\t\t\t<\/div>\n\t\t\t\t\t<\/div>\n\t\t<\/div>\n\t\t\t\t\t<\/div>\n\t\t<\/section>\n\t\t\t\t<\/div>","protected":false},"excerpt":{"rendered":"<p>A modern love letter to Shanghai\u2019s heritage In the heart of one of the world\u2019s most vibrant metropolises\u2014where colonial-era grandeur lines the Huangpu River and neon-lit skyscrapers pulse with 21st-century ambition\u2014Atour Hotel Nanjing East Road, Shanghai on the Bund was born from a simple yet profound vision: to create a sanctuary that honors the soul [&hellip;]<\/p>\n","protected":false},"author":1,"featured_media":0,"parent":0,"menu_order":0,"comment_status":"closed","ping_status":"closed","template":"","meta":{"footnotes":""},"class_list":["post-2104","page","type-page","status-publish","hentry","post-no-thumbnail"],"_links":{"self":[{"href":"https:\/\/atourhotelnanjingeastroad.com\/fr\/wp-json\/wp\/v2\/pages\/2104","targetHints":{"allow":["GET"]}}],"collection":[{"href":"https:\/\/atourhotelnanjingeastroad.com\/fr\/wp-json\/wp\/v2\/pages"}],"about":[{"href":"https:\/\/atourhotelnanjingeastroad.com\/fr\/wp-json\/wp\/v2\/types\/page"}],"author":[{"embeddable":true,"href":"https:\/\/atourhotelnanjingeastroad.com\/fr\/wp-json\/wp\/v2\/users\/1"}],"replies":[{"embeddable":true,"href":"https:\/\/atourhotelnanjingeastroad.com\/fr\/wp-json\/wp\/v2\/comments?post=2104"}],"version-history":[{"count":0,"href":"https:\/\/atourhotelnanjingeastroad.com\/fr\/wp-json\/wp\/v2\/pages\/2104\/revisions"}],"wp:attachment":[{"href":"https:\/\/atourhotelnanjingeastroad.com\/fr\/wp-json\/wp\/v2\/media?parent=2104"}],"curies":[{"name":"wp","href":"https:\/\/api.w.org\/{rel}","templated":true}]}}