{"id":5266,"date":"2021-07-18T08:03:35","date_gmt":"2021-07-18T08:03:35","guid":{"rendered":"https:\/\/nuss.uxper.co\/luxury-resort\/?page_id=5266"},"modified":"2025-10-02T04:03:15","modified_gmt":"2025-10-02T04:03:15","slug":"sobre-nosotros","status":"publish","type":"page","link":"https:\/\/atourhotelnanjingeastroad.com\/es\/about-us\/","title":{"rendered":"Sobre nosotros"},"content":{"rendered":"<div data-elementor-type=\"wp-page\" data-elementor-id=\"5266\" class=\"elementor elementor-5266\">\n\t\t\t\t\t\t<section class=\"elementor-section elementor-top-section elementor-element elementor-element-10416953 elementor-section-boxed elementor-section-gap-beside-yes elementor-section-height-default elementor-section-height-default elementor-section-column-vertical-align-stretch\" data-id=\"10416953\" data-element_type=\"section\" data-e-type=\"section\">\n\t\t\t\t\t\t<div class=\"elementor-container elementor-column-gap-extended\">\n\t\t\t\t\t<div class=\"elementor-column elementor-col-100 elementor-top-column elementor-element elementor-element-29c6aa8\" data-id=\"29c6aa8\" data-element_type=\"column\" data-e-type=\"column\">\n\t\t\t<div class=\"elementor-widget-wrap elementor-element-populated\">\n\t\t\t\t\t\t<div class=\"elementor-element elementor-element-7be18fe7 elementor-widget__width-initial elementor-invisible elementor-widget elementor-widget-text-editor\" data-id=\"7be18fe7\" data-element_type=\"widget\" data-e-type=\"widget\" data-settings=\"{&quot;_animation&quot;:&quot;nussFadeInUp&quot;}\" data-widget_type=\"text-editor.default\">\n\t\t\t\t\t\t\t\t\t<div class=\"svelte-1c06zsf\" data-lang-code=\"\"><p data-spm-anchor-id=\"a2ty_o01.29997173.0.i27.ead2c921ZzvKd1\">Su elegante puerta de entrada al Bund y Nanjing Road<\/p><\/div>\t\t\t\t\t\t\t\t<\/div>\n\t\t\t\t\t<\/div>\n\t\t<\/div>\n\t\t\t\t\t<\/div>\n\t\t<\/section>\n\t\t\t\t<section class=\"elementor-section elementor-top-section elementor-element elementor-element-7d18327f elementor-section-boxed elementor-section-gap-beside-yes elementor-section-height-default elementor-section-height-default elementor-section-column-vertical-align-stretch\" data-id=\"7d18327f\" data-element_type=\"section\" data-e-type=\"section\">\n\t\t\t\t\t\t<div class=\"elementor-container elementor-column-gap-extended\">\n\t\t\t\t\t<div class=\"elementor-column elementor-col-50 elementor-top-column elementor-element elementor-element-56533670\" data-id=\"56533670\" data-element_type=\"column\" data-e-type=\"column\">\n\t\t\t<div class=\"elementor-widget-wrap elementor-element-populated\">\n\t\t\t\t\t\t<div class=\"elementor-element elementor-element-19c3f543 elementor-drop-cap-yes elementor-drop-cap-view-default elementor-invisible elementor-widget elementor-widget-text-editor\" data-id=\"19c3f543\" data-element_type=\"widget\" data-e-type=\"widget\" data-settings=\"{&quot;_animation&quot;:&quot;nussFadeInUp&quot;,&quot;drop_cap&quot;:&quot;yes&quot;}\" data-widget_type=\"text-editor.default\">\n\t\t\t\t\t\t\t\t\t<p>Descubrir <strong data-spm-anchor-id=\"a2ty_o01.29997173.0.i26.ead2c921ZzvKd1\">Hotel Atour Nanjing East Road, Shangh\u00e1i en el Bund<\/strong>\u2014un refinado santuario urbano enclavado en el coraz\u00f3n de una de las ciudades m\u00e1s din\u00e1micas del mundo. Ubicado estrat\u00e9gicamente en <strong>No.105-1 Fuzhou Road, distrito de Huangpu, Shanghai 200002<\/strong>Este moderno hotel boutique te sit\u00faa a pocos pasos del ic\u00f3nico <strong>Muelle del Bund<\/strong>, el brillante para\u00edso de las compras de <strong>Calle Nanjing Este<\/strong>y lugares de inter\u00e9s cultural clave como el <strong>Museo de Shangh\u00e1i<\/strong> y <strong>Plaza del Pueblo<\/strong>.<\/p>\t\t\t\t\t\t\t\t<\/div>\n\t\t\t\t\t<\/div>\n\t\t<\/div>\n\t\t\t\t<div class=\"elementor-column elementor-col-50 elementor-top-column elementor-element elementor-element-30f14127\" data-id=\"30f14127\" data-element_type=\"column\" data-e-type=\"column\">\n\t\t\t<div class=\"elementor-widget-wrap elementor-element-populated\">\n\t\t\t\t\t\t<div class=\"elementor-element elementor-element-59aea08 elementor-widget elementor-widget-image\" data-id=\"59aea08\" data-element_type=\"widget\" data-e-type=\"widget\" data-widget_type=\"image.default\">\n\t\t\t\t\t\t\t\t\t\t\t\t\t\t\t<img fetchpriority=\"high\" decoding=\"async\" width=\"1024\" height=\"768\" src=\"https:\/\/atourhotelnanjingeastroad.com\/wp-content\/uploads\/2025\/10\/Atour-Hotel-Nanjing-East-Road-41-1024x768.webp\" class=\"attachment-large size-large wp-image-6869\" alt=\"\" srcset=\"https:\/\/atourhotelnanjingeastroad.com\/wp-content\/uploads\/2025\/10\/Atour-Hotel-Nanjing-East-Road-41-1024x768.webp 1024w, https:\/\/atourhotelnanjingeastroad.com\/wp-content\/uploads\/2025\/10\/Atour-Hotel-Nanjing-East-Road-41-300x225.webp 300w, https:\/\/atourhotelnanjingeastroad.com\/wp-content\/uploads\/2025\/10\/Atour-Hotel-Nanjing-East-Road-41-768x576.webp 768w, https:\/\/atourhotelnanjingeastroad.com\/wp-content\/uploads\/2025\/10\/Atour-Hotel-Nanjing-East-Road-41-16x12.webp 16w, https:\/\/atourhotelnanjingeastroad.com\/wp-content\/uploads\/2025\/10\/Atour-Hotel-Nanjing-East-Road-41.webp 1137w\" sizes=\"(max-width: 1024px) 100vw, 1024px\" \/>\t\t\t\t\t\t\t\t\t\t\t\t\t\t\t<\/div>\n\t\t\t\t\t<\/div>\n\t\t<\/div>\n\t\t\t\t\t<\/div>\n\t\t<\/section>\n\t\t\t\t<section class=\"elementor-section elementor-top-section elementor-element elementor-element-29fb8578 elementor-section-height-min-height elementor-section-stretched elementor-section-full_width elementor-section-items-stretch elementor-section-height-default elementor-section-column-vertical-align-stretch\" data-id=\"29fb8578\" data-element_type=\"section\" data-e-type=\"section\" data-settings=\"{&quot;stretch_section&quot;:&quot;section-stretched&quot;}\">\n\t\t\t\t\t\t<div class=\"elementor-container elementor-column-gap-no\">\n\t\t\t\t\t<div class=\"elementor-column elementor-col-50 elementor-top-column elementor-element elementor-element-40ac270b\" data-id=\"40ac270b\" data-element_type=\"column\" data-e-type=\"column\">\n\t\t\t<div class=\"elementor-widget-wrap elementor-element-populated\">\n\t\t\t\t\t\t<div class=\"elementor-element elementor-element-20872773 elementor-widget__width-initial elementor-widget-mobile__width-inherit elementor-invisible nuss-elementor-loading nuss-slide-in-right elementor-widget elementor-widget-image\" data-id=\"20872773\" data-element_type=\"widget\" data-e-type=\"widget\" data-settings=\"{&quot;_animation&quot;:&quot;nussSlideInRight&quot;}\" data-widget_type=\"image.default\">\n\t\t\t\t\t\t\t\t\t\t\t\t\t\t\t<img decoding=\"async\" width=\"1280\" height=\"853\" src=\"https:\/\/atourhotelnanjingeastroad.com\/wp-content\/uploads\/2025\/10\/Atour-Hotel-Nanjing-East-Road-11.webp\" class=\"attachment-full size-full wp-image-6839\" alt=\"\" srcset=\"https:\/\/atourhotelnanjingeastroad.com\/wp-content\/uploads\/2025\/10\/Atour-Hotel-Nanjing-East-Road-11.webp 1280w, https:\/\/atourhotelnanjingeastroad.com\/wp-content\/uploads\/2025\/10\/Atour-Hotel-Nanjing-East-Road-11-300x200.webp 300w, https:\/\/atourhotelnanjingeastroad.com\/wp-content\/uploads\/2025\/10\/Atour-Hotel-Nanjing-East-Road-11-1024x682.webp 1024w, https:\/\/atourhotelnanjingeastroad.com\/wp-content\/uploads\/2025\/10\/Atour-Hotel-Nanjing-East-Road-11-768x512.webp 768w, https:\/\/atourhotelnanjingeastroad.com\/wp-content\/uploads\/2025\/10\/Atour-Hotel-Nanjing-East-Road-11-18x12.webp 18w\" sizes=\"(max-width: 1280px) 100vw, 1280px\" \/>\t\t\t\t\t\t\t\t\t\t\t\t\t\t\t<\/div>\n\t\t\t\t\t<\/div>\n\t\t<\/div>\n\t\t\t\t<div class=\"elementor-column elementor-col-50 elementor-top-column elementor-element elementor-element-2dac103\" data-id=\"2dac103\" data-element_type=\"column\" data-e-type=\"column\">\n\t\t\t<div class=\"elementor-widget-wrap elementor-element-populated\">\n\t\t\t\t\t\t<div class=\"elementor-element elementor-element-6f1b8966 elementor-invisible elementor-widget elementor-widget-text-editor\" data-id=\"6f1b8966\" data-element_type=\"widget\" data-e-type=\"widget\" data-settings=\"{&quot;_animation&quot;:&quot;nussFadeInUp&quot;}\" data-widget_type=\"text-editor.default\">\n\t\t\t\t\t\t\t\t\t<p data-spm-anchor-id=\"a2ty_o01.29997173.0.i30.ead2c921ZzvKd1\">Combinando el dise\u00f1o chino contempor\u00e1neo con una hospitalidad inteligente, el Hotel Atour ofrece una fusi\u00f3n perfecta de comodidad, conveniencia y car\u00e1cter local. Ya sea que visite Shangh\u00e1i por negocios, placer o ambas cosas, apreciar\u00e1 las comodidades cuidadosamente seleccionadas del hotel: <strong>tecnolog\u00eda de habitaciones inteligentes<\/strong>, <strong>Wi-Fi de alta velocidad<\/strong>, a <strong>un tranquilo sal\u00f3n de coworking<\/strong>, y <strong>Servicio personalizado 24\/7<\/strong>\u2014todo dise\u00f1ado para mejorar su estad\u00eda sin abrumar sus sentidos.<\/p><div class=\"my-2\">\u00a0<\/div><p data-spm-anchor-id=\"a2ty_o01.29997173.0.i29.ead2c921ZzvKd1\">Las habitaciones son minimalistas pero c\u00e1lidas, cuentan con ropa de cama de primera calidad, ventanas insonorizadas y sutiles gui\u00f1os a la herencia de Shangh\u00e1i, mientras que el restaurante del hotel celebra los sabores locales con un toque moderno, perfecto para saborear un aut\u00e9ntico xiaolongbao o un desayuno curado antes de explorar la ciudad.<\/p><div class=\"my-2\">\u00a0<\/div><p>Con su mejor momento <strong>Ubicaci\u00f3n adyacente al Bund<\/strong>, f\u00e1cil acceso a las l\u00edneas de metro (a solo minutos de la estaci\u00f3n East Nanjing Road) y un compromiso con la hospitalidad sostenible y centrada en el hu\u00e9sped. <strong>Hotel Atour Nanjing East Road<\/strong> No es solo un lugar para descansar, sino tu puerta de entrada para experimentar el ritmo, el romance y la energ\u00eda inagotable de Shangh\u00e1i. Ideal para viajeros exigentes que buscan estilo, esencia y un verdadero sentido de pertenencia en la capital cosmopolita de China.<\/p>\t\t\t\t\t\t\t\t<\/div>\n\t\t\t\t\t<\/div>\n\t\t<\/div>\n\t\t\t\t\t<\/div>\n\t\t<\/section>\n\t\t\t\t<section class=\"elementor-section elementor-top-section elementor-element elementor-element-2092b7d0 elementor-section-stretched elementor-section-boxed elementor-section-gap-beside-yes elementor-section-height-default elementor-section-height-default elementor-section-column-vertical-align-stretch\" data-id=\"2092b7d0\" data-element_type=\"section\" data-e-type=\"section\" data-settings=\"{&quot;background_background&quot;:&quot;classic&quot;,&quot;stretch_section&quot;:&quot;section-stretched&quot;}\">\n\t\t\t\t\t\t<div class=\"elementor-container elementor-column-gap-extended\">\n\t\t\t\t\t<div class=\"elementor-column elementor-col-100 elementor-top-column elementor-element elementor-element-be69d75\" data-id=\"be69d75\" data-element_type=\"column\" data-e-type=\"column\">\n\t\t\t<div class=\"elementor-widget-wrap elementor-element-populated\">\n\t\t\t\t\t\t<div class=\"elementor-element elementor-element-320c022 elementor-widget elementor-widget-nuss-heading\" data-id=\"320c022\" data-element_type=\"widget\" data-e-type=\"widget\" data-widget_type=\"nuss-heading.default\">\n\t\t\t\t<div class=\"elementor-widget-container\">\n\t\t\t\t\t\t\t<div class=\"nuss-modern-heading\">\r\n\t\t\t\t\t\t<div class=\"heading-secondary-wrap\">\r\n\t\t\t\t<h3 class=\"heading-secondary elementor-heading-title\">Consultar disponibilidad <\/h3>\t\t\t<\/div>\r\n\t\t\r\n\t\t\t\r\n\t\t\t\r\n\t\t\t\t\t<\/div>\r\n\t\t\t\t\t<\/div>\n\t\t\t\t<\/div>\n\t\t\t\t<div class=\"elementor-element elementor-element-fe69a93 elementor-widget elementor-widget-text-editor\" data-id=\"fe69a93\" data-element_type=\"widget\" data-e-type=\"widget\" data-widget_type=\"text-editor.default\">\n\t\t\t\t\t\t\t\t\t<iframe border=\"0\" src=\"https:\/\/www.trip.com\/partners\/ad\/S5683218?Allianceid=4590391&#038;SID=263693760&#038;trip_sub1=\" style=\"width:1200px;height:200px\" frameborder=\"0\" scrolling=\"no\" id=\"S5683218\"><\/iframe>\t\t\t\t\t\t\t\t<\/div>\n\t\t\t\t\t<\/div>\n\t\t<\/div>\n\t\t\t\t\t<\/div>\n\t\t<\/section>\n\t\t\t\t<\/div>","protected":false},"excerpt":{"rendered":"<p>Your Stylish Gateway to the Bund &amp; Nanjing Road Discover Atour Hotel Nanjing East Road, Shanghai on the Bund\u2014a refined urban sanctuary nestled in the heart of one of the world\u2019s most dynamic cities. Strategically located at No.105-1 Fuzhou Road, Huangpu District, Shanghai 200002, this modern boutique hotel places you steps away from the iconic [&hellip;]<\/p>\n","protected":false},"author":1,"featured_media":0,"parent":0,"menu_order":0,"comment_status":"closed","ping_status":"closed","template":"","meta":{"footnotes":""},"class_list":["post-5266","page","type-page","status-publish","hentry","post-no-thumbnail"],"_links":{"self":[{"href":"https:\/\/atourhotelnanjingeastroad.com\/es\/wp-json\/wp\/v2\/pages\/5266","targetHints":{"allow":["GET"]}}],"collection":[{"href":"https:\/\/atourhotelnanjingeastroad.com\/es\/wp-json\/wp\/v2\/pages"}],"about":[{"href":"https:\/\/atourhotelnanjingeastroad.com\/es\/wp-json\/wp\/v2\/types\/page"}],"author":[{"embeddable":true,"href":"https:\/\/atourhotelnanjingeastroad.com\/es\/wp-json\/wp\/v2\/users\/1"}],"replies":[{"embeddable":true,"href":"https:\/\/atourhotelnanjingeastroad.com\/es\/wp-json\/wp\/v2\/comments?post=5266"}],"version-history":[{"count":0,"href":"https:\/\/atourhotelnanjingeastroad.com\/es\/wp-json\/wp\/v2\/pages\/5266\/revisions"}],"wp:attachment":[{"href":"https:\/\/atourhotelnanjingeastroad.com\/es\/wp-json\/wp\/v2\/media?parent=5266"}],"curies":[{"name":"wp","href":"https:\/\/api.w.org\/{rel}","templated":true}]}}