{"id":2104,"date":"2021-03-23T09:33:48","date_gmt":"2021-03-23T09:33:48","guid":{"rendered":"http:\/\/localhost\/nuss\/?page_id=167"},"modified":"2025-10-02T05:03:37","modified_gmt":"2025-10-02T05:03:37","slug":"nuestra-historia","status":"publish","type":"page","link":"https:\/\/atourhotelnanjingeastroad.com\/es\/our-story\/","title":{"rendered":"Nuestra historia"},"content":{"rendered":"<div data-elementor-type=\"wp-page\" data-elementor-id=\"2104\" class=\"elementor elementor-2104\">\n\t\t\t\t\t\t<section class=\"elementor-section elementor-top-section elementor-element elementor-element-8f5bb9d elementor-section-boxed elementor-section-gap-beside-yes elementor-section-height-default elementor-section-height-default elementor-section-column-vertical-align-stretch\" data-id=\"8f5bb9d\" data-element_type=\"section\" data-e-type=\"section\">\n\t\t\t\t\t\t<div class=\"elementor-container elementor-column-gap-extended\">\n\t\t\t\t\t<div class=\"elementor-column elementor-col-100 elementor-top-column elementor-element elementor-element-7ec4215\" data-id=\"7ec4215\" data-element_type=\"column\" data-e-type=\"column\">\n\t\t\t<div class=\"elementor-widget-wrap elementor-element-populated\">\n\t\t\t\t\t\t<div class=\"elementor-element elementor-element-edd9d03 elementor-widget__width-initial elementor-invisible elementor-widget elementor-widget-text-editor\" data-id=\"edd9d03\" data-element_type=\"widget\" data-e-type=\"widget\" data-settings=\"{&quot;_animation&quot;:&quot;nussFadeInUp&quot;}\" data-widget_type=\"text-editor.default\">\n\t\t\t\t\t\t\t\t\t<p>Una carta de amor moderna al patrimonio de Shangh\u00e1i<\/p>\t\t\t\t\t\t\t\t<\/div>\n\t\t\t\t\t<\/div>\n\t\t<\/div>\n\t\t\t\t\t<\/div>\n\t\t<\/section>\n\t\t<div class=\"elementor-element elementor-element-ae7e42f e-flex e-con-boxed e-con e-parent\" data-id=\"ae7e42f\" data-element_type=\"container\" data-e-type=\"container\">\n\t\t\t\t\t<div class=\"e-con-inner\">\n\t\t\t\t<div class=\"elementor-element elementor-element-136c3a3 elementor-widget elementor-widget-text-editor\" data-id=\"136c3a3\" data-element_type=\"widget\" data-e-type=\"widget\" data-widget_type=\"text-editor.default\">\n\t\t\t\t\t\t\t\t\t<p>En el coraz\u00f3n de una de las metr\u00f3polis m\u00e1s vibrantes del mundo, donde la grandeza de la era colonial bordea el r\u00edo Huangpu y los rascacielos iluminados con ne\u00f3n pulsan con la ambici\u00f3n del siglo XXI, Atour Hotel Nanjing East Road, Shanghai on the Bund naci\u00f3 de una visi\u00f3n simple pero profunda: crear un santuario que honre el alma de Shanghai y al mismo tiempo adopte la inteligencia de los viajes modernos.<\/p><div class=\"my-2\">\u00a0<\/div><p>Nuestro viaje no comenz\u00f3 con planos, sino con una profunda reverencia por el lugar. Ubicado en <strong>No.105-1 Fuzhou Road, distrito de Huangpu<\/strong>Nuestro hotel ocupa un lugar lleno de historia. La calle Fuzhou, conocida antiguamente como la &quot;Calle de la Cultura&quot; a principios del siglo XX, fue el hogar de editores, poetas y pensadores que moldearon el pensamiento chino moderno. A pocos pasos, el Bund es un testimonio del legado de Shangh\u00e1i como encrucijada global, donde Oriente y Occidente convergieron en arquitectura, comercio y cultura. Construir aqu\u00ed no fue solo una oportunidad, sino una responsabilidad.<\/p><div class=\"my-2\">\u00a0<\/div><p>Atour, una marca hotelera china pionera, conocida por su filosof\u00eda de &quot;calidez inteligente&quot;, vio en este lugar la oportunidad de redefinir la hospitalidad urbana. No quer\u00edamos replicar el pasado ni borrarlo con una modernidad est\u00e9ril. En cambio, buscamos entrelazar ambos elementos, creando un espacio donde la elegancia del antiguo Shangh\u00e1i se respira a trav\u00e9s de un dise\u00f1o minimalista, donde la tecnolog\u00eda inteligente ofrece comodidad sin intrusiones y donde cada detalle refleja una profunda comprensi\u00f3n de lo que el viajero actual realmente valora: autenticidad, comodidad y conexi\u00f3n.<\/p><div class=\"my-2\">\u00a0<\/div><p>La transformaci\u00f3n de este rinc\u00f3n hist\u00f3rico en el Atour Hotel Nanjing East Road se gui\u00f3 por tres principios fundamentales: <strong>contexto, conciencia y cuidado<\/strong>.<\/p><div class=\"my-2\">\u00a0<\/div><ul dir=\"auto\"><li><strong>Contexto<\/strong>Cada elecci\u00f3n de dise\u00f1o, desde los c\u00e1lidos tonos de madera y las paletas discretas hasta las obras de arte locales cuidadosamente seleccionadas, refleja la singular herencia est\u00e9tica de Shangh\u00e1i. Los ventanales de piso a techo enmarcan las vistas del horizonte estratificado de la ciudad, invitando a los hu\u00e9spedes a presenciar el di\u00e1logo entre las reliquias Art D\u00e9co y las futuristas torres de Pudong.<\/li><li><strong>Conciencia<\/strong>La sostenibilidad y la eficiencia son parte integral de nuestras operaciones. Desde sistemas inteligentes de ahorro energ\u00e9tico en las habitaciones hasta la reducci\u00f3n del uso de pl\u00e1sticos de un solo uso y productos de origen local, nos esforzamos por ser sostenibles y, al mismo tiempo, ofrecer experiencias excepcionales.<\/li><li><strong>Cuidado<\/strong>Nuestro equipo est\u00e1 capacitado no solo para servir, sino tambi\u00e9n para anticiparse. Ya sea una nota de bienvenida escrita a mano, una recomendaci\u00f3n para un local de dumplings escondido en el callej\u00f3n o una asistencia fluida con los billetes de metro, creemos que la hospitalidad reside en los detalles.<\/li><\/ul><div class=\"my-2\">\u00a0<\/div><p>Desde su apertura, el Atour Hotel Nanjing East Road se ha convertido en m\u00e1s que un lugar de descanso: es una plataforma para descubrir. Los ejecutivos se relajan tras sus reuniones con vistas al horizonte desde sus tranquilas habitaciones. Las parejas comienzan su historia de amor en Shangh\u00e1i con un paseo al atardecer por el Bund. Quienes viajan solos encuentran seguridad e inspiraci\u00f3n en nuestros espacios cuidadosamente dise\u00f1ados. Y, a pesar de todo, nos mantenemos fieles a nuestra historia: una carta de amor a Shangh\u00e1i, escrita con l\u00edneas limpias, luz c\u00e1lida y una aut\u00e9ntica conexi\u00f3n humana.<\/p><div class=\"my-2\">\u00a0<\/div><p>Hoy, mientras la ciudad contin\u00faa evolucionando a un ritmo impresionante, nos mantenemos como una presencia tranquila y considerada en su ritmo, honrando d\u00f3nde hemos estado, abrazando hacia d\u00f3nde vamos y d\u00e1ndole la bienvenida no solo como un invitado, sino como parte de nuestra narrativa continua.<\/p><div class=\"my-2\">\u00a0<\/div><p data-spm-anchor-id=\"a2ty_o01.29997173.0.i51.ead2c921ZzvKd1\">Esto es m\u00e1s que un hotel.<br \/>Esto es <strong>Un recorrido por el Bund<\/strong>\u2014donde el esp\u00edritu de Shanghai encuentra su hogar moderno.<\/p>\t\t\t\t\t\t\t\t<\/div>\n\t\t\t\t\t<\/div>\n\t\t\t\t<\/div>\n\t\t\t\t<section class=\"elementor-section elementor-top-section elementor-element elementor-element-2395d538 elementor-section-stretched elementor-section-boxed elementor-section-gap-beside-yes elementor-section-height-default elementor-section-height-default elementor-section-column-vertical-align-stretch\" data-id=\"2395d538\" data-element_type=\"section\" data-e-type=\"section\" data-settings=\"{&quot;background_background&quot;:&quot;classic&quot;,&quot;stretch_section&quot;:&quot;section-stretched&quot;}\">\n\t\t\t\t\t\t<div class=\"elementor-container elementor-column-gap-extended\">\n\t\t\t\t\t<div class=\"elementor-column elementor-col-100 elementor-top-column elementor-element elementor-element-1b428554\" data-id=\"1b428554\" data-element_type=\"column\" data-e-type=\"column\">\n\t\t\t<div class=\"elementor-widget-wrap elementor-element-populated\">\n\t\t\t\t\t\t<div class=\"elementor-element elementor-element-4f0df1f3 elementor-widget elementor-widget-nuss-heading\" data-id=\"4f0df1f3\" data-element_type=\"widget\" data-e-type=\"widget\" data-widget_type=\"nuss-heading.default\">\n\t\t\t\t<div class=\"elementor-widget-container\">\n\t\t\t\t\t\t\t<div class=\"nuss-modern-heading\">\r\n\t\t\t\t\t\t<div class=\"heading-secondary-wrap\">\r\n\t\t\t\t<h3 class=\"heading-secondary elementor-heading-title\">Consultar disponibilidad <\/h3>\t\t\t<\/div>\r\n\t\t\r\n\t\t\t\r\n\t\t\t\r\n\t\t\t\t\t<\/div>\r\n\t\t\t\t\t<\/div>\n\t\t\t\t<\/div>\n\t\t\t\t<div class=\"elementor-element elementor-element-7225468f elementor-widget elementor-widget-text-editor\" data-id=\"7225468f\" data-element_type=\"widget\" data-e-type=\"widget\" data-widget_type=\"text-editor.default\">\n\t\t\t\t\t\t\t\t\t<iframe border=\"0\" src=\"https:\/\/www.trip.com\/partners\/ad\/S5683218?Allianceid=4590391&#038;SID=263693760&#038;trip_sub1=\" style=\"width:1200px;height:200px\" frameborder=\"0\" scrolling=\"no\" id=\"S5683218\"><\/iframe>\t\t\t\t\t\t\t\t<\/div>\n\t\t\t\t\t<\/div>\n\t\t<\/div>\n\t\t\t\t\t<\/div>\n\t\t<\/section>\n\t\t\t\t<\/div>","protected":false},"excerpt":{"rendered":"<p>A modern love letter to Shanghai\u2019s heritage In the heart of one of the world\u2019s most vibrant metropolises\u2014where colonial-era grandeur lines the Huangpu River and neon-lit skyscrapers pulse with 21st-century ambition\u2014Atour Hotel Nanjing East Road, Shanghai on the Bund was born from a simple yet profound vision: to create a sanctuary that honors the soul [&hellip;]<\/p>\n","protected":false},"author":1,"featured_media":0,"parent":0,"menu_order":0,"comment_status":"closed","ping_status":"closed","template":"","meta":{"footnotes":""},"class_list":["post-2104","page","type-page","status-publish","hentry","post-no-thumbnail"],"_links":{"self":[{"href":"https:\/\/atourhotelnanjingeastroad.com\/es\/wp-json\/wp\/v2\/pages\/2104","targetHints":{"allow":["GET"]}}],"collection":[{"href":"https:\/\/atourhotelnanjingeastroad.com\/es\/wp-json\/wp\/v2\/pages"}],"about":[{"href":"https:\/\/atourhotelnanjingeastroad.com\/es\/wp-json\/wp\/v2\/types\/page"}],"author":[{"embeddable":true,"href":"https:\/\/atourhotelnanjingeastroad.com\/es\/wp-json\/wp\/v2\/users\/1"}],"replies":[{"embeddable":true,"href":"https:\/\/atourhotelnanjingeastroad.com\/es\/wp-json\/wp\/v2\/comments?post=2104"}],"version-history":[{"count":0,"href":"https:\/\/atourhotelnanjingeastroad.com\/es\/wp-json\/wp\/v2\/pages\/2104\/revisions"}],"wp:attachment":[{"href":"https:\/\/atourhotelnanjingeastroad.com\/es\/wp-json\/wp\/v2\/media?parent=2104"}],"curies":[{"name":"wp","href":"https:\/\/api.w.org\/{rel}","templated":true}]}}