{"id":647,"date":"2021-03-29T02:13:52","date_gmt":"2021-03-29T02:13:52","guid":{"rendered":"http:\/\/localhost\/nuss\/?page_id=647"},"modified":"2025-10-02T05:12:45","modified_gmt":"2025-10-02T05:12:45","slug":"dienstleistungen","status":"publish","type":"page","link":"https:\/\/atourhotelnanjingeastroad.com\/de\/services\/","title":{"rendered":"Leistungen"},"content":{"rendered":"<div data-elementor-type=\"wp-page\" data-elementor-id=\"647\" class=\"elementor elementor-647\">\n\t\t\t\t\t\t<section class=\"elementor-section elementor-top-section elementor-element elementor-element-3353bc8 elementor-section-boxed elementor-section-gap-beside-yes elementor-section-height-default elementor-section-height-default elementor-section-column-vertical-align-stretch\" data-id=\"3353bc8\" data-element_type=\"section\" data-e-type=\"section\">\n\t\t\t\t\t\t<div class=\"elementor-container elementor-column-gap-extended\">\n\t\t\t\t\t<div class=\"elementor-column elementor-col-100 elementor-top-column elementor-element elementor-element-0a2bc64\" data-id=\"0a2bc64\" data-element_type=\"column\" data-e-type=\"column\">\n\t\t\t<div class=\"elementor-widget-wrap elementor-element-populated\">\n\t\t\t\t\t\t<div class=\"elementor-element elementor-element-447e3ef elementor-widget__width-initial elementor-invisible elementor-widget elementor-widget-text-editor\" data-id=\"447e3ef\" data-element_type=\"widget\" data-e-type=\"widget\" data-settings=\"{&quot;_animation&quot;:&quot;nussFadeInUp&quot;}\" data-widget_type=\"text-editor.default\">\n\t\t\t\t\t\t\t\t\t<div class=\"svelte-1c06zsf\" data-lang-code=\"\"><p data-spm-anchor-id=\"a2ty_o01.29997173.0.i65.ead2c921ZzvKd1\">Intelligente Gastfreundschaft, durchdacht umgesetzt<\/p><\/div>\t\t\t\t\t\t\t\t<\/div>\n\t\t\t\t\t<\/div>\n\t\t<\/div>\n\t\t\t\t\t<\/div>\n\t\t<\/section>\n\t\t<div class=\"elementor-element elementor-element-76953f7 e-flex e-con-boxed e-con e-parent\" data-id=\"76953f7\" data-element_type=\"container\" data-e-type=\"container\">\n\t\t\t\t\t<div class=\"e-con-inner\">\n\t\t\t\t<div class=\"elementor-element elementor-element-2f32cd6 elementor-widget elementor-widget-text-editor\" data-id=\"2f32cd6\" data-element_type=\"widget\" data-e-type=\"widget\" data-widget_type=\"text-editor.default\">\n\t\t\t\t\t\t\t\t\t<p data-spm-anchor-id=\"a2ty_o01.29997173.0.i63.ead2c921ZzvKd1\">Im Atour Hotel Nanjing East Road, Shanghai on the Bund, glauben wir, dass wahrer Luxus nicht nur im Luxus liegt, sondern in den nahtlosen, intuitiven Erlebnissen, die jeden Moment Ihres Aufenthalts m\u00fchelos machen. Das Hotel liegt im historischen Herzen von Shanghai am <strong>Nr. 105-1 Fuzhou Road, Bezirk Huangpu (200002)<\/strong>Unser Hotel definiert urbane Gastfreundschaft neu \u2013 mit einem Serviceangebot, das mit Intelligenz, Einf\u00fchlungsverm\u00f6gen und dem Rhythmus des modernen Reisenden im Einklang steht. Von Ihrer Ankunft bis zu Ihrem Abschied wird jeder Kontaktpunkt darauf ausgerichtet, Ihre Bed\u00fcrfnisse zu antizipieren \u2013 damit Sie sich auf das Wesentliche konzentrieren k\u00f6nnen: Shanghai erkunden, ein Gesch\u00e4ft abschlie\u00dfen oder einfach in einer der dynamischsten St\u00e4dte der Welt entspannen.<\/p><div class=\"my-2\">\u00a0<\/div><h3><strong>24\/7-Rezeption und mehrsprachiger Support<\/strong><\/h3><p>Unsere Rezeption ist rund um die Uhr besetzt und verf\u00fcgt \u00fcber ein Team, das flie\u00dfend spricht <strong>Mandarin und Englisch<\/strong>, wobei viele Teammitglieder zus\u00e4tzliche Sprachunterst\u00fctzung bieten. Egal, ob Sie nach einem langen Flug um Mitternacht ankommen oder im Morgengrauen Last-Minute-Theaterkarten ben\u00f6tigen, unser Team steht Ihnen mit Freundlichkeit, Effizienz und Ortskenntnis zur Seite und verwandelt logistische Herausforderungen in reibungslose \u00dcberg\u00e4nge.<\/p><div class=\"my-2\">\u00a0<\/div><h3><strong>Smart Room-Technologie und nahtlose Konnektivit\u00e4t<\/strong><\/h3><p>Betreten Sie Ihr Zimmer und erleben Sie die Zukunft des Komforts. Jeder Raum ist ausgestattet mit <strong>intelligente Steuerung<\/strong>\u2013 Passen Sie Beleuchtung, Temperatur und Vorh\u00e4nge per Ber\u00fchrung oder Sprachbefehl an. <strong>Kostenloses Highspeed-WLAN<\/strong> Decken Sie das gesamte Anwesen ab und sorgen Sie f\u00fcr ungest\u00f6rte Videoanrufe, Streaming oder Reiseplanung. USB-Ladeanschl\u00fcsse, Verdunkelungsvorh\u00e4nge und hochwertige Bettw\u00e4sche sorgen zus\u00e4tzlich f\u00fcr Ihre Erholung und Produktivit\u00e4t.<\/p><div class=\"my-2\">\u00a0<\/div><h3><strong>Express-Check-in und -Check-out<\/strong><\/h3><p>Zeit ist Ihr wertvollstes Gut. Deshalb bieten wir <strong>Express-Check-in und -Check-out<\/strong>\u2013 Minimieren Sie Wartezeiten, ohne auf Personalisierung zu verzichten. Digitale Check-in-Optionen vor der Ankunft und der mobile Schl\u00fcsselzugang (sofern verf\u00fcgbar) vereinfachen Ihren Zugang, sodass Sie in wenigen Minuten vom Bordstein in den Komfort gelangen.<\/p><div class=\"my-2\">\u00a0<\/div><h3><strong>Co-Working Lounge: Arbeit trifft Wellness<\/strong><\/h3><p>Da die Grenzen zwischen Gesch\u00e4ft und Freizeit immer mehr verschwimmen, haben wir eine ruhige <strong>Co-Working-Lounge<\/strong>\u2013 ein ruhiger, heller Raum mit ergonomischen Sitzgelegenheiten, Steckdosen an jedem Tisch, kostenlosem Kaffee und Tee und einer entspannten Atmosph\u00e4re, perfekt f\u00fcr konzentriertes Arbeiten oder zwanglose Meetings. Es ist nicht nur ein Arbeitsplatz, sondern ein produktiver R\u00fcckzugsort mitten im gesch\u00e4ftigen Shanghai.<\/p><div class=\"my-2\">\u00a0<\/div><h3><strong>T\u00e4gliche Zimmerreinigung und tadellose Sauberkeit<\/strong><\/h3><p>Sauberkeit ist nicht nur ein Standard \u2013 sie ist ein Versprechen. Unser Housekeeping-Team befolgt strenge Richtlinien, um sicherzustellen, dass Ihr Zimmer ein makelloser, allergenfreier R\u00fcckzugsort bleibt. T\u00e4glich werden frische Handt\u00fccher und neue Pflegeprodukte geliefert und wir achten auf jedes Detail. Wir verwenden ausschlie\u00dflich umweltfreundliche Reinigungsprodukte.<\/p><div class=\"my-2\">\u00a0<\/div><h3><strong>Gep\u00e4ckaufbewahrung &amp; Reise-Concierge<\/strong><\/h3><p>Egal ob Sie fr\u00fch ankommen oder sp\u00e4t abreisen, unsere <strong>kostenlose Gep\u00e4ckaufbewahrung<\/strong> Service sorgt daf\u00fcr, dass Ihr Gep\u00e4ck sicher ist, w\u00e4hrend Sie erkunden. Unser Personal dient auch als <strong>lokaler Concierge<\/strong>, bietet pers\u00f6nliche Empfehlungen \u2013 von versteckten Teigtaschenl\u00e4den in der Yunnan Road bis zu den besten Fotopl\u00e4tzen f\u00fcr Sonnenunterg\u00e4nge am Bund \u2013 und kann bei der Buchung von U-Bahn-P\u00e4ssen, Taxis oder Museumsreservierungen behilflich sein.<\/p><div class=\"my-2\">\u00a0<\/div><h3><strong>Nichtraucherumgebung und schallisolierte Ruhe<\/strong><\/h3><p>Alle Zimmer und \u00f6ffentlichen Bereiche sind streng <strong>Nichtraucher<\/strong>, wodurch eine frische, gesunde Atmosph\u00e4re entsteht. Gepaart mit <strong>Hochleistungs-Schallschutzfenster<\/strong>Dies gew\u00e4hrleistet eine friedliche Flucht vor der Energie der Stadt \u2013 so schlafen Sie tief und fest, selbst nur wenige Schritte vom pulsierenden Puls der Nanjing Road entfernt.<\/p><div class=\"my-2\">\u00a0<\/div><h3><strong>Nachhaltigkeit im Service<\/strong><\/h3><p>Atour engagiert sich f\u00fcr verantwortungsvolle Gastfreundschaft. Wir minimieren Einwegplastik, f\u00f6rdern Handtuch-Mehrwegprogramme und beziehen Annehmlichkeiten von umweltbewussten lokalen Partnern. Unsere Dienstleistungen sind nicht nur auf den Komfort unserer G\u00e4ste ausgerichtet, sondern tragen auch zum langfristigen Wohlbefinden des st\u00e4dtischen \u00d6kosystems Shanghais bei.<\/p><div class=\"my-2\">\u00a0<\/div><h3><strong>Barrierefreiheit und inklusive Pflege<\/strong><\/h3><p>Obwohl unsere historische Lage in der Stadt architektonische Einschr\u00e4nkungen mit sich bringt, bem\u00fchen wir uns, alle G\u00e4ste mit W\u00fcrde unterzubringen. Bei fr\u00fchzeitiger Anmeldung k\u00f6nnen wir Zimmer im Erdgeschoss reservieren oder individuelle Unterst\u00fctzung anbieten \u2013 denn aufmerksamer Service bedeutet, auf die individuellen Bed\u00fcrfnisse jedes Gastes einzugehen.<\/p><div class=\"my-2\">\u00a0<\/div><p>Im Atour Hotel Nanjing East Road, Shanghai on the Bund, sind Dienstleistungen kein nachtr\u00e4glicher Gedanke \u2013 sie sind die Grundlage Ihres Erlebnisses. Wir bieten nicht nur Annehmlichkeiten; wir liefern <strong>intelligente Gastfreundschaft<\/strong>: leise, effizient, menschenzentriert und immer einen Schritt voraus.<\/p><div class=\"my-2\">\u00a0<\/div><p data-spm-anchor-id=\"a2ty_o01.29997173.0.i64.ead2c921ZzvKd1\">Egal, ob Sie 24 Stunden oder zwei Wochen hier sind, unser Versprechen bleibt dasselbe: <strong>Ein so entspannter Aufenthalt, dass Sie die Welt drau\u00dfen vergessen werden \u2013 und so verbunden, dass Sie sich im Herzen von Shanghai wie zu Hause f\u00fchlen werden.<\/strong><\/p>\t\t\t\t\t\t\t\t<\/div>\n\t\t\t\t\t<\/div>\n\t\t\t\t<\/div>\n\t\t\t\t<section class=\"elementor-section elementor-top-section elementor-element elementor-element-7e5522ea elementor-section-stretched elementor-section-boxed elementor-section-gap-beside-yes elementor-section-height-default elementor-section-height-default elementor-section-column-vertical-align-stretch\" data-id=\"7e5522ea\" data-element_type=\"section\" data-e-type=\"section\" data-settings=\"{&quot;background_background&quot;:&quot;classic&quot;,&quot;stretch_section&quot;:&quot;section-stretched&quot;}\">\n\t\t\t\t\t\t<div class=\"elementor-container elementor-column-gap-extended\">\n\t\t\t\t\t<div class=\"elementor-column elementor-col-100 elementor-top-column elementor-element elementor-element-fd12d3b\" data-id=\"fd12d3b\" data-element_type=\"column\" data-e-type=\"column\">\n\t\t\t<div class=\"elementor-widget-wrap elementor-element-populated\">\n\t\t\t\t\t\t<div class=\"elementor-element elementor-element-46a20624 elementor-widget elementor-widget-nuss-heading\" data-id=\"46a20624\" data-element_type=\"widget\" data-e-type=\"widget\" data-widget_type=\"nuss-heading.default\">\n\t\t\t\t<div class=\"elementor-widget-container\">\n\t\t\t\t\t\t\t<div class=\"nuss-modern-heading\">\r\n\t\t\t\t\t\t<div class=\"heading-secondary-wrap\">\r\n\t\t\t\t<h3 class=\"heading-secondary elementor-heading-title\">Verf\u00fcgbarkeit pr\u00fcfen <\/h3>\t\t\t<\/div>\r\n\t\t\r\n\t\t\t\r\n\t\t\t\r\n\t\t\t\t\t<\/div>\r\n\t\t\t\t\t<\/div>\n\t\t\t\t<\/div>\n\t\t\t\t<div class=\"elementor-element elementor-element-7bcc24d2 elementor-widget elementor-widget-text-editor\" data-id=\"7bcc24d2\" data-element_type=\"widget\" data-e-type=\"widget\" data-widget_type=\"text-editor.default\">\n\t\t\t\t\t\t\t\t\t<iframe border=\"0\" src=\"https:\/\/www.trip.com\/partners\/ad\/S5683218?Allianceid=4590391&#038;SID=263693760&#038;trip_sub1=\" style=\"width:1200px;height:200px\" frameborder=\"0\" scrolling=\"no\" id=\"S5683218\"><\/iframe>\t\t\t\t\t\t\t\t<\/div>\n\t\t\t\t\t<\/div>\n\t\t<\/div>\n\t\t\t\t\t<\/div>\n\t\t<\/section>\n\t\t\t\t<\/div>","protected":false},"excerpt":{"rendered":"<p>Intelligent Hospitality, Thoughtfully Delivered At Atour Hotel Nanjing East Road, Shanghai on the Bund, we believe that true luxury lies not in opulence alone, but in the seamless, intuitive experiences that make every moment of your stay feel effortless. Located in the historic heart of Shanghai at No.105-1 Fuzhou Road, Huangpu District (200002), our hotel [&hellip;]<\/p>\n","protected":false},"author":1,"featured_media":0,"parent":0,"menu_order":0,"comment_status":"closed","ping_status":"closed","template":"","meta":{"footnotes":""},"class_list":["post-647","page","type-page","status-publish","hentry","post-no-thumbnail"],"_links":{"self":[{"href":"https:\/\/atourhotelnanjingeastroad.com\/de\/wp-json\/wp\/v2\/pages\/647","targetHints":{"allow":["GET"]}}],"collection":[{"href":"https:\/\/atourhotelnanjingeastroad.com\/de\/wp-json\/wp\/v2\/pages"}],"about":[{"href":"https:\/\/atourhotelnanjingeastroad.com\/de\/wp-json\/wp\/v2\/types\/page"}],"author":[{"embeddable":true,"href":"https:\/\/atourhotelnanjingeastroad.com\/de\/wp-json\/wp\/v2\/users\/1"}],"replies":[{"embeddable":true,"href":"https:\/\/atourhotelnanjingeastroad.com\/de\/wp-json\/wp\/v2\/comments?post=647"}],"version-history":[{"count":0,"href":"https:\/\/atourhotelnanjingeastroad.com\/de\/wp-json\/wp\/v2\/pages\/647\/revisions"}],"wp:attachment":[{"href":"https:\/\/atourhotelnanjingeastroad.com\/de\/wp-json\/wp\/v2\/media?parent=647"}],"curies":[{"name":"wp","href":"https:\/\/api.w.org\/{rel}","templated":true}]}}