{"id":612,"date":"2021-03-26T10:04:13","date_gmt":"2021-03-26T10:04:13","guid":{"rendered":"http:\/\/localhost\/nuss\/?page_id=612"},"modified":"2025-10-02T05:09:39","modified_gmt":"2025-10-02T05:09:39","slug":"restaurant","status":"publish","type":"page","link":"https:\/\/atourhotelnanjingeastroad.com\/de\/restaurant\/","title":{"rendered":"Restaurant"},"content":{"rendered":"<div data-elementor-type=\"wp-page\" data-elementor-id=\"612\" class=\"elementor elementor-612\">\n\t\t\t\t\t\t<section class=\"elementor-section elementor-top-section elementor-element elementor-element-e2effe8 elementor-section-boxed elementor-section-gap-beside-yes elementor-section-height-default elementor-section-height-default elementor-section-column-vertical-align-stretch\" data-id=\"e2effe8\" data-element_type=\"section\" data-e-type=\"section\">\n\t\t\t\t\t\t<div class=\"elementor-container elementor-column-gap-extended\">\n\t\t\t\t\t<div class=\"elementor-column elementor-col-100 elementor-top-column elementor-element elementor-element-e18f688\" data-id=\"e18f688\" data-element_type=\"column\" data-e-type=\"column\">\n\t\t\t<div class=\"elementor-widget-wrap elementor-element-populated\">\n\t\t\t\t\t\t<div class=\"elementor-element elementor-element-6db146d elementor-widget__width-initial elementor-invisible elementor-widget elementor-widget-text-editor\" data-id=\"6db146d\" data-element_type=\"widget\" data-e-type=\"widget\" data-settings=\"{&quot;_animation&quot;:&quot;nussFadeInUp&quot;}\" data-widget_type=\"text-editor.default\">\n\t\t\t\t\t\t\t\t\t<div class=\"svelte-1c06zsf\" data-lang-code=\"\"><p data-spm-anchor-id=\"a2ty_o01.29997173.0.i56.ead2c921ZzvKd1\">Der Geschmack von Shanghai, neu interpretiert \u2013 Atours Bund-nahes Restaurant<\/p><\/div>\t\t\t\t\t\t\t\t<\/div>\n\t\t\t\t\t<\/div>\n\t\t<\/div>\n\t\t\t\t\t<\/div>\n\t\t<\/section>\n\t\t<div class=\"elementor-element elementor-element-764955e e-flex e-con-boxed e-con e-parent\" data-id=\"764955e\" data-element_type=\"container\" data-e-type=\"container\">\n\t\t\t\t\t<div class=\"e-con-inner\">\n\t\t<div class=\"elementor-element elementor-element-3a71d84 e-con-full e-flex e-con e-child\" data-id=\"3a71d84\" data-element_type=\"container\" data-e-type=\"container\">\n\t\t\t\t<div class=\"elementor-element elementor-element-81a00fb elementor-widget elementor-widget-text-editor\" data-id=\"81a00fb\" data-element_type=\"widget\" data-e-type=\"widget\" data-widget_type=\"text-editor.default\">\n\t\t\t\t\t\t\t\t\t<p>Eingebettet im kulturellen und kommerziellen Herzen von Shanghai, ist das Restaurant im <strong>Atour Hotel Nanjing East Road, Shanghai am Bund<\/strong> bietet mehr als nur eine Mahlzeit \u2013 es bietet eine sorgf\u00e4ltig zusammengestellte kulinarische Reise, die das reiche gastronomische Erbe der Stadt aus zeitgen\u00f6ssischer Sicht feiert. Nur wenige Schritte vom ber\u00fchmten Bund und der gesch\u00e4ftigen Energie der Nanjing Road East entfernt <strong>Nr. 105-1 Fuzhou Road, Bezirk Huangpu, Shanghai 200002<\/strong>Unser hoteleigener Speiseraum ist ein verstecktes Juwel, wo lokale Aromen auf moderne Eleganz treffen, was ihn zu einem Muss f\u00fcr Hotelg\u00e4ste und anspruchsvolle Feinschmecker macht, die das Zentrum von Shanghai erkunden.<\/p>\t\t\t\t\t\t\t\t<\/div>\n\t\t\t\t<\/div>\n\t\t<div class=\"elementor-element elementor-element-bb76a06 e-con-full e-flex e-con e-child\" data-id=\"bb76a06\" data-element_type=\"container\" data-e-type=\"container\">\n\t\t\t\t<div class=\"elementor-element elementor-element-636ac5f elementor-widget elementor-widget-image\" data-id=\"636ac5f\" data-element_type=\"widget\" data-e-type=\"widget\" data-widget_type=\"image.default\">\n\t\t\t\t\t\t\t\t\t\t\t\t\t\t\t<img decoding=\"async\" src=\"https:\/\/chimelonghengqinbay.com\/wp-content\/uploads\/2025\/09\/ChimelongHengqinBayHotel-110.webp\" title=\"\" alt=\"\" loading=\"lazy\" \/>\t\t\t\t\t\t\t\t\t\t\t\t\t\t\t<\/div>\n\t\t\t\t<\/div>\n\t\t\t\t\t<\/div>\n\t\t\t\t<\/div>\n\t\t<div class=\"elementor-element elementor-element-e5626a7 e-flex e-con-boxed e-con e-parent\" data-id=\"e5626a7\" data-element_type=\"container\" data-e-type=\"container\">\n\t\t\t\t\t<div class=\"e-con-inner\">\n\t\t\t\t<div class=\"elementor-element elementor-element-4ac24e6 elementor-widget elementor-widget-nuss-image-gallery\" data-id=\"4ac24e6\" data-element_type=\"widget\" data-e-type=\"widget\" data-widget_type=\"nuss-image-gallery.default\">\n\t\t\t\t<div class=\"elementor-widget-container\">\n\t\t\t\t\t\t\t<div class=\"nuss-grid-wrapper\" data-grid=\"{&quot;type&quot;:&quot;grid&quot;,&quot;ratio&quot;:null,&quot;columns&quot;:3,&quot;gutter&quot;:30}\">\r\n\t\t\t<div class=\"nuss-grid lazy-grid\">\r\n\t\t\t\t<div class=\"grid-sizer\"><\/div>\r\n\r\n\t\t\t\t\t\t\t\t\t\t\t\t<div class=\"grid-item\">\r\n\t\t\t\t\t\t<div class=\"nuss-box\">\t\t<div class=\"nuss-image image\">\r\n\t\t\t<img decoding=\"async\"  src=\"https:\/\/atourhotelnanjingeastroad.com\/wp-content\/uploads\/2025\/10\/Atour-Hotel-Nanjing-East-Road-8.webp\" alt=\"Atour Hotel Nanjing East Road (8)\" \/>\t\t<\/div>\r\n\t\t\t\t<\/div>\t\t\t\t\t<\/div>\r\n\t\t\t\t\t\t<div class=\"grid-item\">\r\n\t\t\t\t\t\t<div class=\"nuss-box\">\t\t<div class=\"nuss-image image\">\r\n\t\t\t<img decoding=\"async\"  src=\"https:\/\/atourhotelnanjingeastroad.com\/wp-content\/uploads\/2025\/10\/Atour-Hotel-Nanjing-East-Road-12.webp\" alt=\"Atour Hotel Nanjing East Road (12)\" \/>\t\t<\/div>\r\n\t\t\t\t<\/div>\t\t\t\t\t<\/div>\r\n\t\t\t\t\t\t<div class=\"grid-item\">\r\n\t\t\t\t\t\t<div class=\"nuss-box\">\t\t<div class=\"nuss-image image\">\r\n\t\t\t<img decoding=\"async\"  src=\"https:\/\/atourhotelnanjingeastroad.com\/wp-content\/uploads\/2025\/10\/Atour-Hotel-Nanjing-East-Road-24.webp\" alt=\"Atour Hotel Nanjing East Road (24)\" \/>\t\t<\/div>\r\n\t\t\t\t<\/div>\t\t\t\t\t<\/div>\r\n\t\t\t\t\t\t<div class=\"grid-item\">\r\n\t\t\t\t\t\t<div class=\"nuss-box\">\t\t<div class=\"nuss-image image\">\r\n\t\t\t<img decoding=\"async\"  src=\"https:\/\/atourhotelnanjingeastroad.com\/wp-content\/uploads\/2025\/10\/Atour-Hotel-Nanjing-East-Road-28.webp\" alt=\"Atour Hotel Nanjing East Road (28)\" \/>\t\t<\/div>\r\n\t\t\t\t<\/div>\t\t\t\t\t<\/div>\r\n\t\t\t\t\t\t<div class=\"grid-item\">\r\n\t\t\t\t\t\t<div class=\"nuss-box\">\t\t<div class=\"nuss-image image\">\r\n\t\t\t<img decoding=\"async\"  src=\"https:\/\/atourhotelnanjingeastroad.com\/wp-content\/uploads\/2025\/10\/Atour-Hotel-Nanjing-East-Road-49.webp\" alt=\"Atour Hotel Nanjing East Road (49)\" \/>\t\t<\/div>\r\n\t\t\t\t<\/div>\t\t\t\t\t<\/div>\r\n\t\t\t\t\t\t<div class=\"grid-item\">\r\n\t\t\t\t\t\t<div class=\"nuss-box\">\t\t<div class=\"nuss-image image\">\r\n\t\t\t<img decoding=\"async\"  src=\"https:\/\/atourhotelnanjingeastroad.com\/wp-content\/uploads\/2025\/10\/Atour-Hotel-Nanjing-East-Road-33.webp\" alt=\"Atour Hotel Nanjing East Road (33)\" \/>\t\t<\/div>\r\n\t\t\t\t<\/div>\t\t\t\t\t<\/div>\r\n\t\t\t\t\t\t<div class=\"grid-item\">\r\n\t\t\t\t\t\t<div class=\"nuss-box\">\t\t<div class=\"nuss-image image\">\r\n\t\t\t<img decoding=\"async\"  src=\"https:\/\/atourhotelnanjingeastroad.com\/wp-content\/uploads\/2025\/10\/Atour-Hotel-Nanjing-East-Road-38.webp\" alt=\"Atour Hotel Nanjing East Road (38)\" \/>\t\t<\/div>\r\n\t\t\t\t<\/div>\t\t\t\t\t<\/div>\r\n\t\t\t\t\t\t<div class=\"grid-item\">\r\n\t\t\t\t\t\t<div class=\"nuss-box\">\t\t<div class=\"nuss-image image\">\r\n\t\t\t<img decoding=\"async\"  src=\"https:\/\/atourhotelnanjingeastroad.com\/wp-content\/uploads\/2025\/10\/Atour-Hotel-Nanjing-East-Road-46.webp\" alt=\"Atour Hotel Nanjing East Road (46)\" \/>\t\t<\/div>\r\n\t\t\t\t<\/div>\t\t\t\t\t<\/div>\r\n\t\t\t\t\t\t<div class=\"grid-item\">\r\n\t\t\t\t\t\t<div class=\"nuss-box\">\t\t<div class=\"nuss-image image\">\r\n\t\t\t<img decoding=\"async\"  src=\"https:\/\/atourhotelnanjingeastroad.com\/wp-content\/uploads\/2025\/10\/Atour-Hotel-Nanjing-East-Road-17.webp\" alt=\"Atour Hotel Nanjing East Road (17)\" \/>\t\t<\/div>\r\n\t\t\t\t<\/div>\t\t\t\t\t<\/div>\r\n\t\t\t\t\t\t\t\r\n\t\t\t<\/div>\r\n\t\t<\/div>\r\n\t\t\t\t\t\t<\/div>\n\t\t\t\t<\/div>\n\t\t\t\t\t<\/div>\n\t\t\t\t<\/div>\n\t\t<div class=\"elementor-element elementor-element-d05381b e-flex e-con-boxed e-con e-parent\" data-id=\"d05381b\" data-element_type=\"container\" data-e-type=\"container\">\n\t\t\t\t\t<div class=\"e-con-inner\">\n\t\t\t\t<div class=\"elementor-element elementor-element-53bd849 elementor-widget elementor-widget-text-editor\" data-id=\"53bd849\" data-element_type=\"widget\" data-e-type=\"widget\" data-widget_type=\"text-editor.default\">\n\t\t\t\t\t\t\t\t\t<p data-spm-anchor-id=\"a2ty_o01.29997173.0.i58.ead2c921ZzvKd1\">Das Restaurant wurde als Erweiterung der Atour-Philosophie der \u201eintelligenten W\u00e4rme\u201c konzipiert und verbindet minimalistische Shanghai-\u00c4sthetik mit funktionaler Eleganz \u2013 warme Holzakzente, sanftes Ambientelicht und raumhohe Fenster, die den Charme des alten Shanghais freigeben. Ob Sie Ihren Tag mit einem gem\u00fctlichen Fr\u00fchst\u00fcck vor einem Spaziergang bei Sonnenaufgang am Bund beginnen, ein Gesch\u00e4ftsessen zwischen Meetings genie\u00dfen oder nach einem Einkaufstag auf der Nanjing Road beim Abendessen entspannen \u2013 unser K\u00fcchenteam kreiert jedes Gericht mit saisonalen, regionalen Zutaten und einem tiefen Respekt f\u00fcr regionale Authentizit\u00e4t.<\/p><div class=\"my-2\">\u00a0<\/div><p>Das Men\u00fc ist ein Liebesbrief an Shanghais kulinarische Identit\u00e4t. Die G\u00e4ste k\u00f6nnen genie\u00dfen <strong>handgemachter Xiaolongbao<\/strong> mit perfekt durchscheinender Haut und reichhaltiger, herzhafter Br\u00fche, <strong>geschmorter Schweinebauch (Hongshao Rou)<\/strong> langsam gegart, bis es zart auf der Zunge zergeht, und <strong>betrunkenes Huhn<\/strong> Mit Shaoxing-Wein verfeinert \u2013 einer klassischen Shanghaier Delikatesse. F\u00fcr alle, die sich nach globalem Komfort sehnen, werden sorgf\u00e4ltig neu interpretierte internationale Gerichte \u2013 wie mit Tr\u00fcffeln aromatisierte Pasta oder Lachs mit Kr\u00e4uterkruste \u2013 mit der gleichen Pr\u00e4zision und Sorgfalt zubereitet. Zum Fr\u00fchst\u00fcck gibt es sowohl chinesische als auch westliche Optionen, darunter Congee mit Hundertj\u00e4hrigen Eiern, Bl\u00e4tterteigpfannkuchen mit Fr\u00fchlingszwiebeln, handwerklich hergestelltes Geb\u00e4ck und lokal ger\u00f6steten Kaffee.<\/p><div class=\"my-2\">\u00a0<\/div><p>Was unser Restaurant wirklich auszeichnet, ist seine nahtlose Integration in den Rhythmus des Stadtreisenden. Es ist zum Fr\u00fchst\u00fcck, Mittag- und Abendessen ge\u00f6ffnet und bietet <strong>schnelle Express-Mahlzeiten f\u00fcr Gesch\u00e4ftsg\u00e4ste<\/strong>, <strong>romantische Sitzgelegenheiten am Abend mit Blick auf die Stadt<\/strong>, Und <strong>private Essecken f\u00fcr intime Zusammenk\u00fcnfte<\/strong>\u2013 all das wird durch einen intuitiven Service und eine kuratierte Auswahl an Tees, Craft-Getr\u00e4nken und regionalen Weinen unterst\u00fctzt. Highspeed-WLAN und ruhige Ecken machen es au\u00dferdem zu einem idealen Ort f\u00fcr Remote-Arbeit oder zwanglose Meetings.<\/p><div class=\"my-2\">\u00a0<\/div><p>Dank seiner g\u00fcnstigen Lage in der N\u00e4he der U-Bahn-Station East Nanjing Road (Linien 2 und 10) ist das Restaurant sowohl f\u00fcr Hotelg\u00e4ste als auch f\u00fcr Besucher, die den Bund, den Platz des Volkes oder die historische \u201eKulturstra\u00dfe\u201c Fuzhou Road erkunden, leicht zu erreichen. Mit seiner erstklassigen Lage, der authentischen und zugleich innovativen K\u00fcche und dem ruhigen Ambiente ist das Restaurant des Atour Hotels schnell zu einem Favoriten unter Reisenden geworden, die <strong>echte Shanghaier Aromen ohne Touristenmassen<\/strong>\u2013 mitten im Geschehen.<\/p><div class=\"my-2\">\u00a0<\/div><p>Ob Sie nach einem n\u00e4chtlichen Spaziergang entlang des Huangpu-Flusses Lust auf eine wohltuende Sch\u00fcssel Nudelsuppe haben oder mit einem Glas lokalem Craft Beer auf eine erfolgreiche Reise ansto\u00dfen m\u00f6chten, unser Restaurant l\u00e4dt Sie ein, Shanghai zu erleben \u2013 nicht so, wie man es in Erinnerung hat, sondern so, wie es heute gelebt wird.<\/p><div class=\"my-2\">\u00a0<\/div><p data-spm-anchor-id=\"a2ty_o01.29997173.0.i60.ead2c921ZzvKd1\"><strong>Speisen Sie dort, wo Tradition auf Zukunft trifft \u2013 nur im Atour Hotel Nanjing East Road, Shanghai am Bund.<\/strong><\/p>\t\t\t\t\t\t\t\t<\/div>\n\t\t\t\t\t<\/div>\n\t\t\t\t<\/div>\n\t\t\t\t<section class=\"elementor-section elementor-top-section elementor-element elementor-element-689ddf86 elementor-section-stretched elementor-section-boxed elementor-section-gap-beside-yes elementor-section-height-default elementor-section-height-default elementor-section-column-vertical-align-stretch\" data-id=\"689ddf86\" data-element_type=\"section\" data-e-type=\"section\" data-settings=\"{&quot;background_background&quot;:&quot;classic&quot;,&quot;stretch_section&quot;:&quot;section-stretched&quot;}\">\n\t\t\t\t\t\t<div class=\"elementor-container elementor-column-gap-extended\">\n\t\t\t\t\t<div class=\"elementor-column elementor-col-100 elementor-top-column elementor-element elementor-element-234b8474\" data-id=\"234b8474\" data-element_type=\"column\" data-e-type=\"column\">\n\t\t\t<div class=\"elementor-widget-wrap elementor-element-populated\">\n\t\t\t\t\t\t<div class=\"elementor-element elementor-element-171754f7 elementor-widget elementor-widget-nuss-heading\" data-id=\"171754f7\" data-element_type=\"widget\" data-e-type=\"widget\" data-widget_type=\"nuss-heading.default\">\n\t\t\t\t<div class=\"elementor-widget-container\">\n\t\t\t\t\t\t\t<div class=\"nuss-modern-heading\">\r\n\t\t\t\t\t\t<div class=\"heading-secondary-wrap\">\r\n\t\t\t\t<h3 class=\"heading-secondary elementor-heading-title\">Verf\u00fcgbarkeit pr\u00fcfen <\/h3>\t\t\t<\/div>\r\n\t\t\r\n\t\t\t\r\n\t\t\t\r\n\t\t\t\t\t<\/div>\r\n\t\t\t\t\t<\/div>\n\t\t\t\t<\/div>\n\t\t\t\t<div class=\"elementor-element elementor-element-3c68956e elementor-widget elementor-widget-text-editor\" data-id=\"3c68956e\" data-element_type=\"widget\" data-e-type=\"widget\" data-widget_type=\"text-editor.default\">\n\t\t\t\t\t\t\t\t\t<iframe border=\"0\" src=\"https:\/\/www.trip.com\/partners\/ad\/S5683218?Allianceid=4590391&#038;SID=263693760&#038;trip_sub1=\" style=\"width:1200px;height:200px\" frameborder=\"0\" scrolling=\"no\" id=\"S5683218\"><\/iframe>\t\t\t\t\t\t\t\t<\/div>\n\t\t\t\t\t<\/div>\n\t\t<\/div>\n\t\t\t\t\t<\/div>\n\t\t<\/section>\n\t\t\t\t<\/div>","protected":false},"excerpt":{"rendered":"<p>Taste of Shanghai, Reimagined \u2013 Atour\u2019s Bund-Adjacent Restaurant Nestled in the cultural and commercial heart of Shanghai, the restaurant at Atour Hotel Nanjing East Road, Shanghai on the Bund offers more than just a meal\u2014it delivers a thoughtfully curated culinary journey that celebrates the city\u2019s rich gastronomic heritage through a contemporary lens. Located just steps [&hellip;]<\/p>\n","protected":false},"author":1,"featured_media":0,"parent":0,"menu_order":0,"comment_status":"closed","ping_status":"closed","template":"","meta":{"footnotes":""},"class_list":["post-612","page","type-page","status-publish","hentry","post-no-thumbnail"],"_links":{"self":[{"href":"https:\/\/atourhotelnanjingeastroad.com\/de\/wp-json\/wp\/v2\/pages\/612","targetHints":{"allow":["GET"]}}],"collection":[{"href":"https:\/\/atourhotelnanjingeastroad.com\/de\/wp-json\/wp\/v2\/pages"}],"about":[{"href":"https:\/\/atourhotelnanjingeastroad.com\/de\/wp-json\/wp\/v2\/types\/page"}],"author":[{"embeddable":true,"href":"https:\/\/atourhotelnanjingeastroad.com\/de\/wp-json\/wp\/v2\/users\/1"}],"replies":[{"embeddable":true,"href":"https:\/\/atourhotelnanjingeastroad.com\/de\/wp-json\/wp\/v2\/comments?post=612"}],"version-history":[{"count":0,"href":"https:\/\/atourhotelnanjingeastroad.com\/de\/wp-json\/wp\/v2\/pages\/612\/revisions"}],"wp:attachment":[{"href":"https:\/\/atourhotelnanjingeastroad.com\/de\/wp-json\/wp\/v2\/media?parent=612"}],"curies":[{"name":"wp","href":"https:\/\/api.w.org\/{rel}","templated":true}]}}