{"id":5266,"date":"2021-07-18T08:03:35","date_gmt":"2021-07-18T08:03:35","guid":{"rendered":"https:\/\/nuss.uxper.co\/luxury-resort\/?page_id=5266"},"modified":"2025-10-02T04:03:15","modified_gmt":"2025-10-02T04:03:15","slug":"uber-uns","status":"publish","type":"page","link":"https:\/\/atourhotelnanjingeastroad.com\/de\/about-us\/","title":{"rendered":"\u00dcber uns"},"content":{"rendered":"<div data-elementor-type=\"wp-page\" data-elementor-id=\"5266\" class=\"elementor elementor-5266\">\n\t\t\t\t\t\t<section class=\"elementor-section elementor-top-section elementor-element elementor-element-10416953 elementor-section-boxed elementor-section-gap-beside-yes elementor-section-height-default elementor-section-height-default elementor-section-column-vertical-align-stretch\" data-id=\"10416953\" data-element_type=\"section\" data-e-type=\"section\">\n\t\t\t\t\t\t<div class=\"elementor-container elementor-column-gap-extended\">\n\t\t\t\t\t<div class=\"elementor-column elementor-col-100 elementor-top-column elementor-element elementor-element-29c6aa8\" data-id=\"29c6aa8\" data-element_type=\"column\" data-e-type=\"column\">\n\t\t\t<div class=\"elementor-widget-wrap elementor-element-populated\">\n\t\t\t\t\t\t<div class=\"elementor-element elementor-element-7be18fe7 elementor-widget__width-initial elementor-invisible elementor-widget elementor-widget-text-editor\" data-id=\"7be18fe7\" data-element_type=\"widget\" data-e-type=\"widget\" data-settings=\"{&quot;_animation&quot;:&quot;nussFadeInUp&quot;}\" data-widget_type=\"text-editor.default\">\n\t\t\t\t\t\t\t\t\t<div class=\"svelte-1c06zsf\" data-lang-code=\"\"><p data-spm-anchor-id=\"a2ty_o01.29997173.0.i27.ead2c921ZzvKd1\">Ihr stilvolles Tor zum Bund und zur Nanjing Road<\/p><\/div>\t\t\t\t\t\t\t\t<\/div>\n\t\t\t\t\t<\/div>\n\t\t<\/div>\n\t\t\t\t\t<\/div>\n\t\t<\/section>\n\t\t\t\t<section class=\"elementor-section elementor-top-section elementor-element elementor-element-7d18327f elementor-section-boxed elementor-section-gap-beside-yes elementor-section-height-default elementor-section-height-default elementor-section-column-vertical-align-stretch\" data-id=\"7d18327f\" data-element_type=\"section\" data-e-type=\"section\">\n\t\t\t\t\t\t<div class=\"elementor-container elementor-column-gap-extended\">\n\t\t\t\t\t<div class=\"elementor-column elementor-col-50 elementor-top-column elementor-element elementor-element-56533670\" data-id=\"56533670\" data-element_type=\"column\" data-e-type=\"column\">\n\t\t\t<div class=\"elementor-widget-wrap elementor-element-populated\">\n\t\t\t\t\t\t<div class=\"elementor-element elementor-element-19c3f543 elementor-drop-cap-yes elementor-drop-cap-view-default elementor-invisible elementor-widget elementor-widget-text-editor\" data-id=\"19c3f543\" data-element_type=\"widget\" data-e-type=\"widget\" data-settings=\"{&quot;_animation&quot;:&quot;nussFadeInUp&quot;,&quot;drop_cap&quot;:&quot;yes&quot;}\" data-widget_type=\"text-editor.default\">\n\t\t\t\t\t\t\t\t\t<p>Entdecken <strong data-spm-anchor-id=\"a2ty_o01.29997173.0.i26.ead2c921ZzvKd1\">Atour Hotel Nanjing East Road, Shanghai am Bund<\/strong>\u2014ein elegantes urbanes Refugium im Herzen einer der dynamischsten St\u00e4dte der Welt. Strategisch g\u00fcnstig gelegen am <strong>Nr. 105-1 Fuzhou Road, Bezirk Huangpu, Shanghai 200002<\/strong>Dieses moderne Boutique-Hotel liegt nur wenige Schritte vom ikonischen <strong>Uferpromenade Bund<\/strong>, das glitzernde Einkaufsparadies von <strong>Nanjing Stra\u00dfe Ost<\/strong>und wichtige kulturelle Sehensw\u00fcrdigkeiten wie die <strong>Shanghai-Museum<\/strong> Und <strong>Platz des Volkes<\/strong>.<\/p>\t\t\t\t\t\t\t\t<\/div>\n\t\t\t\t\t<\/div>\n\t\t<\/div>\n\t\t\t\t<div class=\"elementor-column elementor-col-50 elementor-top-column elementor-element elementor-element-30f14127\" data-id=\"30f14127\" data-element_type=\"column\" data-e-type=\"column\">\n\t\t\t<div class=\"elementor-widget-wrap elementor-element-populated\">\n\t\t\t\t\t\t<div class=\"elementor-element elementor-element-59aea08 elementor-widget elementor-widget-image\" data-id=\"59aea08\" data-element_type=\"widget\" data-e-type=\"widget\" data-widget_type=\"image.default\">\n\t\t\t\t\t\t\t\t\t\t\t\t\t\t\t<img fetchpriority=\"high\" decoding=\"async\" width=\"1024\" height=\"768\" src=\"https:\/\/atourhotelnanjingeastroad.com\/wp-content\/uploads\/2025\/10\/Atour-Hotel-Nanjing-East-Road-41-1024x768.webp\" class=\"attachment-large size-large wp-image-6869\" alt=\"\" srcset=\"https:\/\/atourhotelnanjingeastroad.com\/wp-content\/uploads\/2025\/10\/Atour-Hotel-Nanjing-East-Road-41-1024x768.webp 1024w, https:\/\/atourhotelnanjingeastroad.com\/wp-content\/uploads\/2025\/10\/Atour-Hotel-Nanjing-East-Road-41-300x225.webp 300w, https:\/\/atourhotelnanjingeastroad.com\/wp-content\/uploads\/2025\/10\/Atour-Hotel-Nanjing-East-Road-41-768x576.webp 768w, https:\/\/atourhotelnanjingeastroad.com\/wp-content\/uploads\/2025\/10\/Atour-Hotel-Nanjing-East-Road-41-16x12.webp 16w, https:\/\/atourhotelnanjingeastroad.com\/wp-content\/uploads\/2025\/10\/Atour-Hotel-Nanjing-East-Road-41.webp 1137w\" sizes=\"(max-width: 1024px) 100vw, 1024px\" \/>\t\t\t\t\t\t\t\t\t\t\t\t\t\t\t<\/div>\n\t\t\t\t\t<\/div>\n\t\t<\/div>\n\t\t\t\t\t<\/div>\n\t\t<\/section>\n\t\t\t\t<section class=\"elementor-section elementor-top-section elementor-element elementor-element-29fb8578 elementor-section-height-min-height elementor-section-stretched elementor-section-full_width elementor-section-items-stretch elementor-section-height-default elementor-section-column-vertical-align-stretch\" data-id=\"29fb8578\" data-element_type=\"section\" data-e-type=\"section\" data-settings=\"{&quot;stretch_section&quot;:&quot;section-stretched&quot;}\">\n\t\t\t\t\t\t<div class=\"elementor-container elementor-column-gap-no\">\n\t\t\t\t\t<div class=\"elementor-column elementor-col-50 elementor-top-column elementor-element elementor-element-40ac270b\" data-id=\"40ac270b\" data-element_type=\"column\" data-e-type=\"column\">\n\t\t\t<div class=\"elementor-widget-wrap elementor-element-populated\">\n\t\t\t\t\t\t<div class=\"elementor-element elementor-element-20872773 elementor-widget__width-initial elementor-widget-mobile__width-inherit elementor-invisible nuss-elementor-loading nuss-slide-in-right elementor-widget elementor-widget-image\" data-id=\"20872773\" data-element_type=\"widget\" data-e-type=\"widget\" data-settings=\"{&quot;_animation&quot;:&quot;nussSlideInRight&quot;}\" data-widget_type=\"image.default\">\n\t\t\t\t\t\t\t\t\t\t\t\t\t\t\t<img decoding=\"async\" width=\"1280\" height=\"853\" src=\"https:\/\/atourhotelnanjingeastroad.com\/wp-content\/uploads\/2025\/10\/Atour-Hotel-Nanjing-East-Road-11.webp\" class=\"attachment-full size-full wp-image-6839\" alt=\"\" srcset=\"https:\/\/atourhotelnanjingeastroad.com\/wp-content\/uploads\/2025\/10\/Atour-Hotel-Nanjing-East-Road-11.webp 1280w, https:\/\/atourhotelnanjingeastroad.com\/wp-content\/uploads\/2025\/10\/Atour-Hotel-Nanjing-East-Road-11-300x200.webp 300w, https:\/\/atourhotelnanjingeastroad.com\/wp-content\/uploads\/2025\/10\/Atour-Hotel-Nanjing-East-Road-11-1024x682.webp 1024w, https:\/\/atourhotelnanjingeastroad.com\/wp-content\/uploads\/2025\/10\/Atour-Hotel-Nanjing-East-Road-11-768x512.webp 768w, https:\/\/atourhotelnanjingeastroad.com\/wp-content\/uploads\/2025\/10\/Atour-Hotel-Nanjing-East-Road-11-18x12.webp 18w\" sizes=\"(max-width: 1280px) 100vw, 1280px\" \/>\t\t\t\t\t\t\t\t\t\t\t\t\t\t\t<\/div>\n\t\t\t\t\t<\/div>\n\t\t<\/div>\n\t\t\t\t<div class=\"elementor-column elementor-col-50 elementor-top-column elementor-element elementor-element-2dac103\" data-id=\"2dac103\" data-element_type=\"column\" data-e-type=\"column\">\n\t\t\t<div class=\"elementor-widget-wrap elementor-element-populated\">\n\t\t\t\t\t\t<div class=\"elementor-element elementor-element-6f1b8966 elementor-invisible elementor-widget elementor-widget-text-editor\" data-id=\"6f1b8966\" data-element_type=\"widget\" data-e-type=\"widget\" data-settings=\"{&quot;_animation&quot;:&quot;nussFadeInUp&quot;}\" data-widget_type=\"text-editor.default\">\n\t\t\t\t\t\t\t\t\t<p data-spm-anchor-id=\"a2ty_o01.29997173.0.i30.ead2c921ZzvKd1\">Das Atour Hotel verbindet zeitgen\u00f6ssisches chinesisches Design mit intelligenter Gastfreundschaft und bietet eine nahtlose Verbindung aus Komfort, Bequemlichkeit und lokalem Charakter. Ob Sie Shanghai gesch\u00e4ftlich, privat oder aus einer Kombination von beidem besuchen, Sie werden die sorgf\u00e4ltig zusammengestellten Annehmlichkeiten des Hotels zu sch\u00e4tzen wissen: <strong>Smarte Raumtechnologie<\/strong>, <strong>Highspeed-WLAN<\/strong>, A <strong>ruhige Co-Working-Lounge<\/strong>, Und <strong>Personalisierter Service rund um die Uhr<\/strong>\u2013 alles darauf ausgelegt, Ihren Aufenthalt zu versch\u00f6nern, ohne Ihre Sinne zu \u00fcberfordern.<\/p><div class=\"my-2\">\u00a0<\/div><p data-spm-anchor-id=\"a2ty_o01.29997173.0.i29.ead2c921ZzvKd1\">Die Zimmer sind minimalistisch und dennoch gem\u00fctlich und verf\u00fcgen \u00fcber hochwertige Bettw\u00e4sche, schalldichte Fenster und subtile Anspielungen auf das Shanghaier Erbe, w\u00e4hrend das hoteleigene Restaurant lokale Aromen mit einem modernen Touch zelebriert \u2013 perfekt, um authentisches Xiaolongbao oder ein kuratiertes Fr\u00fchst\u00fcck zu genie\u00dfen, bevor Sie die Stadt erkunden.<\/p><div class=\"my-2\">\u00a0<\/div><p>Mit seiner besten <strong>Bundnahe Lage<\/strong>, einfacher Zugang zu U-Bahn-Linien (nur wenige Minuten von der East Nanjing Road Station entfernt) und ein Engagement f\u00fcr nachhaltige, g\u00e4steorientierte Gastfreundschaft, <strong>Atour Hotel Nanjing East Road<\/strong> ist nicht nur ein Ort zum Ausruhen \u2013 es ist Ihr Tor, um den Rhythmus, die Romantik und die unerbittliche Energie Shanghais zu erleben. Ideal f\u00fcr anspruchsvolle Reisende, die Stil, Substanz und ein echtes Gef\u00fchl f\u00fcr den Ort in Chinas kosmopolitischer Hauptstadt suchen.<\/p>\t\t\t\t\t\t\t\t<\/div>\n\t\t\t\t\t<\/div>\n\t\t<\/div>\n\t\t\t\t\t<\/div>\n\t\t<\/section>\n\t\t\t\t<section class=\"elementor-section elementor-top-section elementor-element elementor-element-2092b7d0 elementor-section-stretched elementor-section-boxed elementor-section-gap-beside-yes elementor-section-height-default elementor-section-height-default elementor-section-column-vertical-align-stretch\" data-id=\"2092b7d0\" data-element_type=\"section\" data-e-type=\"section\" data-settings=\"{&quot;background_background&quot;:&quot;classic&quot;,&quot;stretch_section&quot;:&quot;section-stretched&quot;}\">\n\t\t\t\t\t\t<div class=\"elementor-container elementor-column-gap-extended\">\n\t\t\t\t\t<div class=\"elementor-column elementor-col-100 elementor-top-column elementor-element elementor-element-be69d75\" data-id=\"be69d75\" data-element_type=\"column\" data-e-type=\"column\">\n\t\t\t<div class=\"elementor-widget-wrap elementor-element-populated\">\n\t\t\t\t\t\t<div class=\"elementor-element elementor-element-320c022 elementor-widget elementor-widget-nuss-heading\" data-id=\"320c022\" data-element_type=\"widget\" data-e-type=\"widget\" data-widget_type=\"nuss-heading.default\">\n\t\t\t\t<div class=\"elementor-widget-container\">\n\t\t\t\t\t\t\t<div class=\"nuss-modern-heading\">\r\n\t\t\t\t\t\t<div class=\"heading-secondary-wrap\">\r\n\t\t\t\t<h3 class=\"heading-secondary elementor-heading-title\">Verf\u00fcgbarkeit pr\u00fcfen <\/h3>\t\t\t<\/div>\r\n\t\t\r\n\t\t\t\r\n\t\t\t\r\n\t\t\t\t\t<\/div>\r\n\t\t\t\t\t<\/div>\n\t\t\t\t<\/div>\n\t\t\t\t<div class=\"elementor-element elementor-element-fe69a93 elementor-widget elementor-widget-text-editor\" data-id=\"fe69a93\" data-element_type=\"widget\" data-e-type=\"widget\" data-widget_type=\"text-editor.default\">\n\t\t\t\t\t\t\t\t\t<iframe border=\"0\" src=\"https:\/\/www.trip.com\/partners\/ad\/S5683218?Allianceid=4590391&#038;SID=263693760&#038;trip_sub1=\" style=\"width:1200px;height:200px\" frameborder=\"0\" scrolling=\"no\" id=\"S5683218\"><\/iframe>\t\t\t\t\t\t\t\t<\/div>\n\t\t\t\t\t<\/div>\n\t\t<\/div>\n\t\t\t\t\t<\/div>\n\t\t<\/section>\n\t\t\t\t<\/div>","protected":false},"excerpt":{"rendered":"<p>Your Stylish Gateway to the Bund &amp; Nanjing Road Discover Atour Hotel Nanjing East Road, Shanghai on the Bund\u2014a refined urban sanctuary nestled in the heart of one of the world\u2019s most dynamic cities. Strategically located at No.105-1 Fuzhou Road, Huangpu District, Shanghai 200002, this modern boutique hotel places you steps away from the iconic [&hellip;]<\/p>\n","protected":false},"author":1,"featured_media":0,"parent":0,"menu_order":0,"comment_status":"closed","ping_status":"closed","template":"","meta":{"footnotes":""},"class_list":["post-5266","page","type-page","status-publish","hentry","post-no-thumbnail"],"_links":{"self":[{"href":"https:\/\/atourhotelnanjingeastroad.com\/de\/wp-json\/wp\/v2\/pages\/5266","targetHints":{"allow":["GET"]}}],"collection":[{"href":"https:\/\/atourhotelnanjingeastroad.com\/de\/wp-json\/wp\/v2\/pages"}],"about":[{"href":"https:\/\/atourhotelnanjingeastroad.com\/de\/wp-json\/wp\/v2\/types\/page"}],"author":[{"embeddable":true,"href":"https:\/\/atourhotelnanjingeastroad.com\/de\/wp-json\/wp\/v2\/users\/1"}],"replies":[{"embeddable":true,"href":"https:\/\/atourhotelnanjingeastroad.com\/de\/wp-json\/wp\/v2\/comments?post=5266"}],"version-history":[{"count":0,"href":"https:\/\/atourhotelnanjingeastroad.com\/de\/wp-json\/wp\/v2\/pages\/5266\/revisions"}],"wp:attachment":[{"href":"https:\/\/atourhotelnanjingeastroad.com\/de\/wp-json\/wp\/v2\/media?parent=5266"}],"curies":[{"name":"wp","href":"https:\/\/api.w.org\/{rel}","templated":true}]}}