{"id":2106,"date":"2021-03-25T04:08:26","date_gmt":"2021-03-25T04:08:26","guid":{"rendered":"http:\/\/localhost\/nuss\/?page_id=298"},"modified":"2025-10-02T04:20:43","modified_gmt":"2025-10-02T04:20:43","slug":"erlebnisse","status":"publish","type":"page","link":"https:\/\/atourhotelnanjingeastroad.com\/de\/experiences\/","title":{"rendered":"Kundenerfahrungen und Bewertungen"},"content":{"rendered":"<div data-elementor-type=\"wp-page\" data-elementor-id=\"2106\" class=\"elementor elementor-2106\">\n\t\t\t\t\t\t<section class=\"elementor-section elementor-top-section elementor-element elementor-element-1954ffc elementor-section-boxed elementor-section-gap-beside-yes elementor-section-height-default elementor-section-height-default elementor-section-column-vertical-align-stretch\" data-id=\"1954ffc\" data-element_type=\"section\" data-e-type=\"section\">\n\t\t\t\t\t\t<div class=\"elementor-container elementor-column-gap-extended\">\n\t\t\t\t\t<div class=\"elementor-column elementor-col-100 elementor-top-column elementor-element elementor-element-86aebc5\" data-id=\"86aebc5\" data-element_type=\"column\" data-e-type=\"column\">\n\t\t\t<div class=\"elementor-widget-wrap elementor-element-populated\">\n\t\t\t\t\t\t<div class=\"elementor-element elementor-element-11803d1 elementor-widget__width-initial elementor-invisible elementor-widget elementor-widget-text-editor\" data-id=\"11803d1\" data-element_type=\"widget\" data-e-type=\"widget\" data-settings=\"{&quot;_animation&quot;:&quot;nussFadeInUp&quot;}\" data-widget_type=\"text-editor.default\">\n\t\t\t\t\t\t\t\t\t<div class=\"svelte-1c06zsf\" data-lang-code=\"\"><p data-spm-anchor-id=\"a2ty_o01.29997173.0.i37.ead2c921ZzvKd1\">Warum Reisende das Atour Hotel on the Bund lieben \u2013 Echte Bewertungen aus dem Herzen von Shanghai<\/p><\/div>\t\t\t\t\t\t\t\t<\/div>\n\t\t\t\t\t<\/div>\n\t\t<\/div>\n\t\t\t\t\t<\/div>\n\t\t<\/section>\n\t\t<div class=\"elementor-element elementor-element-95e7268 e-flex e-con-boxed e-con e-parent\" data-id=\"95e7268\" data-element_type=\"container\" data-e-type=\"container\">\n\t\t\t\t\t<div class=\"e-con-inner\">\n\t\t\t\t<div class=\"elementor-element elementor-element-bd47571 elementor-widget elementor-widget-image\" data-id=\"bd47571\" data-element_type=\"widget\" data-e-type=\"widget\" data-widget_type=\"image.default\">\n\t\t\t\t\t\t\t\t\t\t\t\t\t\t\t\t<a href=\"https:\/\/www.trip.com\/t\/MpZxZR6KhR2\" target=\"_blank\" rel=\"noopener\">\n\t\t\t\t\t\t\t<img fetchpriority=\"high\" decoding=\"async\" width=\"1024\" height=\"693\" src=\"https:\/\/atourhotelnanjingeastroad.com\/wp-content\/uploads\/2025\/10\/reviews-1024x693.jpg\" class=\"attachment-large size-large wp-image-6993\" alt=\"\" srcset=\"https:\/\/atourhotelnanjingeastroad.com\/wp-content\/uploads\/2025\/10\/reviews-1024x693.jpg 1024w, https:\/\/atourhotelnanjingeastroad.com\/wp-content\/uploads\/2025\/10\/reviews-300x203.jpg 300w, https:\/\/atourhotelnanjingeastroad.com\/wp-content\/uploads\/2025\/10\/reviews-768x520.jpg 768w, https:\/\/atourhotelnanjingeastroad.com\/wp-content\/uploads\/2025\/10\/reviews-18x12.jpg 18w, https:\/\/atourhotelnanjingeastroad.com\/wp-content\/uploads\/2025\/10\/reviews.jpg 1393w\" sizes=\"(max-width: 1024px) 100vw, 1024px\" \/>\t\t\t\t\t\t\t\t<\/a>\n\t\t\t\t\t\t\t\t\t\t\t\t\t\t\t<\/div>\n\t\t\t\t\t<\/div>\n\t\t\t\t<\/div>\n\t\t<div class=\"elementor-element elementor-element-3e39171 e-flex e-con-boxed e-con e-parent\" data-id=\"3e39171\" data-element_type=\"container\" data-e-type=\"container\">\n\t\t\t\t\t<div class=\"e-con-inner\">\n\t\t\t\t<div class=\"elementor-element elementor-element-7761d0c elementor-widget elementor-widget-text-editor\" data-id=\"7761d0c\" data-element_type=\"widget\" data-e-type=\"widget\" data-widget_type=\"text-editor.default\">\n\t\t\t\t\t\t\t\t\t<p data-spm-anchor-id=\"a2ty_o01.29997173.0.i35.ead2c921ZzvKd1\">Bei der Wahl eines Hotels in Shanghai \u2013 einer Stadt voller Energie, Geschichte und Innovation \u2013 suchen Reisende mehr als nur einen Platz zum Schlafen. Sie w\u00fcnschen sich Komfort, Authentizit\u00e4t und ein nahtloses Erlebnis. Bei <strong>Atour Hotel Nanjing East Road, Shanghai am Bund<\/strong>, finden G\u00e4ste all dies und mehr. Basierend auf echten Reisebewertungen auf Trip.com, dieses Boutique-Hotel in <strong>Nr. 105-1 Fuzhou Road, Bezirk Huangpu, Shanghai 200002<\/strong>, hat gro\u00dfes Lob f\u00fcr sein durchdachtes Design, seine strategische Lage und seinen au\u00dfergew\u00f6hnlichen Service erhalten und ist damit eine hervorragende Wahl f\u00fcr Gesch\u00e4fts- und Urlaubsreisende.<\/p><div class=\"my-2\">\u00a0<\/div><h3>Erstklassige Lage, unschlagbarer Komfort<\/h3><p>Immer wieder heben G\u00e4ste die <strong>Ideale Lage<\/strong> als gro\u00dfes Highlight. Nur 5 Gehminuten vom <strong>U-Bahn-Station East Nanjing Road<\/strong> und in bequemer Gehweite von <strong>Der Bund<\/strong>, <strong>Platz des Volkes<\/strong>, Und <strong>Fu\u00dfg\u00e4ngerzone Nanjing Road<\/strong>Das Atour Hotel bietet Ihnen Shanghais ber\u00fchmteste Sehensw\u00fcrdigkeiten direkt vor der Haust\u00fcr. \u201ePerfekt f\u00fcr Sightseeing\u201c, schreibt ein Rezensent, w\u00e4hrend ein anderer anmerkt: \u201eWir sind in weniger als 10 Minuten zum Bund gelaufen \u2013 so praktisch!\u201c Gesch\u00e4ftsreisende sch\u00e4tzen auch die N\u00e4he zu Unternehmenszentren und Verkehrsanbindungen. Der Flughafen Pudong und der Bahnhof Hongqiao sind bequem mit der U-Bahn erreichbar.<\/p><div class=\"my-2\">\u00a0<\/div><h3>Elegante, elegante und ruhige Zimmer<\/h3><p>G\u00e4ste beschreiben die Zimmer durchweg als <strong>modern, sauber und intelligent gestaltet<\/strong>Viele loben die <strong>Schallschutzfenster<\/strong> die trotz der zentralen Lage einen ruhigen Schlaf gew\u00e4hrleisten, w\u00e4hrend andere die <strong>intelligente Raumsteuerungen<\/strong>, hochwertige Bettw\u00e4sche und eine minimalistische \u00c4sthetik, die zeitgen\u00f6ssischen Stil mit subtilen Shanghai-Akzenten verbindet. \u201eDas Zimmer f\u00fchlte sich nach einem anstrengenden Tag voller Entdeckungen wie eine Oase der Ruhe an\u201c, erz\u00e4hlte ein Paar. Familien und Alleinreisende sch\u00e4tzen gleicherma\u00dfen die makellose Zimmerreinigung und die gepflegten Badezimmer mit erstklassigen Annehmlichkeiten.<\/p><div class=\"my-2\">\u00a0<\/div><h3>Herzlicher, effizienter und mehrsprachiger Service<\/h3><p>Ab dem Moment der Ankunft werden die G\u00e4ste begr\u00fc\u00dft von <strong>aufmerksames, professionelles und oft mehrsprachiges Personal<\/strong>Zahlreiche Rezensionen erw\u00e4hnen die <strong>24-Stunden-Rezeption<\/strong>, <strong>Express-Check-in\/-out<\/strong>und die Hilfsbereitschaft des Teams mit lokalen Empfehlungen, Gep\u00e4ckaufbewahrung oder Last-Minute-Anfragen. \u201eDas Personal hat sich wirklich sehr bem\u00fcht, uns bei der Reservierung eines Abendessens in der N\u00e4he des Bundes zu helfen\u201c, bemerkte ein Reisender aus Europa. Dieser pers\u00f6nliche, unkomplizierte Service spiegelt Atours Philosophie der \u201eintelligenten Gastfreundschaft\u201c wider \u2013 W\u00fcnsche werden erkannt, bevor sie ge\u00e4u\u00dfert werden.<\/p><div class=\"my-2\">\u00a0<\/div><h3>Durchdachte Annehmlichkeiten f\u00fcr den modernen Reisenden<\/h3><p>Reisende sch\u00e4tzen au\u00dferdem die praktische und zugleich gehobene Ausstattung: <strong>kostenloses Highspeed-WLAN<\/strong>, A <strong>ruhige Co-Working-Lounge<\/strong> ideal f\u00fcr die Fernarbeit und t\u00e4gliche Hauswirtschaft, die tadellose Standards aufrechterh\u00e4lt. Obwohl das Hotel kein Spa oder Pool mit umfassendem Service bietet (\u00fcblich in st\u00e4dtischen Boutique-Hotels), sagen die G\u00e4ste, dass der Fokus auf <strong>wesentlichen Komfort<\/strong>\u2013 guter Schlaf, nahtlose Konnektivit\u00e4t und Sauberkeit \u2013 gleicht das mehr als aus.<\/p><div class=\"my-2\">\u00a0<\/div><h3>Echte Bewertungen, echte Zufriedenheit<\/h3><p>Mit einem <strong>konstant hohe Bewertung auf Trip.com<\/strong>, Atour Hotel Nanjing East Road verdient besondere Anerkennung f\u00fcr <strong>Preis-Leistungs-Verh\u00e4ltnis<\/strong>, <strong>Sauberkeit<\/strong>, Und <strong>Standort<\/strong>\u2013 oft mit 4,5\/5 oder mehr Punkten in allen Kategorien. Stammg\u00e4ste sind keine Seltenheit. Ein Rezensent meinte: \u201eDas ist mein dritter Aufenthalt \u2013 ich komme immer wieder, weil es einfach passt.\u201c<\/p><div class=\"my-2\">\u00a0<\/div><h3>Das Urteil von Reisenden<\/h3><p>Mit den Worten eines k\u00fcrzlichen Gastes: <em>\u201eAtour ist nicht nur ein Hotel \u2013 es ist Ihr schickes, stilvolles Basislager f\u00fcr die Entdeckung von Shanghai.\u201c<\/em> Ob Sie bei Sonnenuntergang die Kolonialarchitektur entlang des Bundes bewundern, auf der Nanjing Road einkaufen oder an Meetings im Stadtzentrum teilnehmen, das Atour Hotel Nanjing East Road bietet seinen G\u00e4sten ein Erlebnis, das <strong>zuverl\u00e4ssig, raffiniert und auf die tats\u00e4chlichen Bed\u00fcrfnisse der Reisenden ausgerichtet<\/strong>.<\/p><div class=\"my-2\">\u00a0<\/div><p>F\u00fcr diejenigen, die eine Reise nach Shanghai planen und ein Hotel suchen, das ausbalanciert <strong>urbane Energie mit ruhigem Komfort<\/strong>Die authentischen Stimmen der ehemaligen G\u00e4ste machen eines deutlich: <strong>Atour Hotel Nanjing East Road, Shanghai am Bund<\/strong> ist nicht nur gut gelegen \u2013 es ist auch sehr beliebt.<\/p><div class=\"my-2\">\u00a0<\/div><p data-spm-anchor-id=\"a2ty_o01.29997173.0.i36.ead2c921ZzvKd1\"><em>Buchen Sie Ihren Aufenthalt und schlie\u00dfen Sie sich Tausenden zufriedener Reisender an, die entdeckt haben, warum dieses versteckte Juwel im Bezirk Huangpu im Herzen der faszinierendsten Metropole Chinas weiterhin begeisterte Kritiken erh\u00e4lt.<\/em><\/p>\t\t\t\t\t\t\t\t<\/div>\n\t\t\t\t\t<\/div>\n\t\t\t\t<\/div>\n\t\t\t\t<section class=\"elementor-section elementor-top-section elementor-element elementor-element-4685197a elementor-section-stretched elementor-section-boxed elementor-section-gap-beside-yes elementor-section-height-default elementor-section-height-default elementor-section-column-vertical-align-stretch\" data-id=\"4685197a\" data-element_type=\"section\" data-e-type=\"section\" data-settings=\"{&quot;background_background&quot;:&quot;classic&quot;,&quot;stretch_section&quot;:&quot;section-stretched&quot;}\">\n\t\t\t\t\t\t<div class=\"elementor-container elementor-column-gap-extended\">\n\t\t\t\t\t<div class=\"elementor-column elementor-col-100 elementor-top-column elementor-element elementor-element-49f12f67\" data-id=\"49f12f67\" data-element_type=\"column\" data-e-type=\"column\">\n\t\t\t<div class=\"elementor-widget-wrap elementor-element-populated\">\n\t\t\t\t\t\t<div class=\"elementor-element elementor-element-2383e41b elementor-widget elementor-widget-nuss-heading\" data-id=\"2383e41b\" data-element_type=\"widget\" data-e-type=\"widget\" data-widget_type=\"nuss-heading.default\">\n\t\t\t\t<div class=\"elementor-widget-container\">\n\t\t\t\t\t\t\t<div class=\"nuss-modern-heading\">\r\n\t\t\t\t\t\t<div class=\"heading-secondary-wrap\">\r\n\t\t\t\t<h3 class=\"heading-secondary elementor-heading-title\">Verf\u00fcgbarkeit pr\u00fcfen <\/h3>\t\t\t<\/div>\r\n\t\t\r\n\t\t\t\r\n\t\t\t\r\n\t\t\t\t\t<\/div>\r\n\t\t\t\t\t<\/div>\n\t\t\t\t<\/div>\n\t\t\t\t<div class=\"elementor-element elementor-element-789087e7 elementor-widget elementor-widget-text-editor\" data-id=\"789087e7\" data-element_type=\"widget\" data-e-type=\"widget\" data-widget_type=\"text-editor.default\">\n\t\t\t\t\t\t\t\t\t<iframe border=\"0\" src=\"https:\/\/www.trip.com\/partners\/ad\/S5683218?Allianceid=4590391&#038;SID=263693760&#038;trip_sub1=\" style=\"width:1200px;height:200px\" frameborder=\"0\" scrolling=\"no\" id=\"S5683218\"><\/iframe>\t\t\t\t\t\t\t\t<\/div>\n\t\t\t\t\t<\/div>\n\t\t<\/div>\n\t\t\t\t\t<\/div>\n\t\t<\/section>\n\t\t\t\t<\/div>","protected":false},"excerpt":{"rendered":"<p>Why Travelers Love Atour Hotel on the Bund \u2013 Real Reviews from the Heart of Shanghai When choosing a hotel in Shanghai\u2014a city that pulses with energy, history, and innovation\u2014travelers seek more than just a place to sleep. They want convenience, comfort, authenticity, and a seamless experience. At Atour Hotel Nanjing East Road, Shanghai on [&hellip;]<\/p>\n","protected":false},"author":1,"featured_media":0,"parent":0,"menu_order":0,"comment_status":"closed","ping_status":"closed","template":"","meta":{"footnotes":""},"class_list":["post-2106","page","type-page","status-publish","hentry","post-no-thumbnail"],"_links":{"self":[{"href":"https:\/\/atourhotelnanjingeastroad.com\/de\/wp-json\/wp\/v2\/pages\/2106","targetHints":{"allow":["GET"]}}],"collection":[{"href":"https:\/\/atourhotelnanjingeastroad.com\/de\/wp-json\/wp\/v2\/pages"}],"about":[{"href":"https:\/\/atourhotelnanjingeastroad.com\/de\/wp-json\/wp\/v2\/types\/page"}],"author":[{"embeddable":true,"href":"https:\/\/atourhotelnanjingeastroad.com\/de\/wp-json\/wp\/v2\/users\/1"}],"replies":[{"embeddable":true,"href":"https:\/\/atourhotelnanjingeastroad.com\/de\/wp-json\/wp\/v2\/comments?post=2106"}],"version-history":[{"count":0,"href":"https:\/\/atourhotelnanjingeastroad.com\/de\/wp-json\/wp\/v2\/pages\/2106\/revisions"}],"wp:attachment":[{"href":"https:\/\/atourhotelnanjingeastroad.com\/de\/wp-json\/wp\/v2\/media?parent=2106"}],"curies":[{"name":"wp","href":"https:\/\/api.w.org\/{rel}","templated":true}]}}